{"id":18,"date":"2018-05-04T10:50:07","date_gmt":"2018-05-04T10:50:07","guid":{"rendered":"http:\/\/www.puentechina.com\/?page_id=18"},"modified":"2024-02-17T17:08:53","modified_gmt":"2024-02-17T17:08:53","slug":"equipo","status":"publish","type":"page","link":"https:\/\/www.puentechina.com\/home\/equipo\/","title":{"rendered":"Equipo"},"content":{"rendered":"","protected":false},"excerpt":{"rendered":"<p>El Consejo Asesor de PUENTECHINA est\u00e1 compuesto por seis miembros, cuatro de ellos pertenecen al Comit\u00e9 de Direcci\u00f3n y dos de ellos son miembros independientes con una amplia y reconocida trascendencia empresarial y acad\u00e9mica:<\/p>\n","protected":false},"author":2,"featured_media":0,"parent":0,"menu_order":0,"comment_status":"closed","ping_status":"closed","template":"","meta":{"footnotes":""},"yoast_head":"<!-- This site is optimized with the Yoast SEO plugin v17.5 - https:\/\/yoast.com\/wordpress\/plugins\/seo\/ -->\n<title>Equipo - Puentechina<\/title>\n<meta name=\"robots\" content=\"index, follow, max-snippet:-1, max-image-preview:large, max-video-preview:-1\" \/>\n<link rel=\"canonical\" href=\"https:\/\/www.puentechina.com\/home\/equipo\/\" \/>\n<meta property=\"og:locale\" content=\"es_ES\" \/>\n<meta property=\"og:type\" content=\"article\" \/>\n<meta property=\"og:title\" content=\"Equipo - Puentechina\" \/>\n<meta property=\"og:description\" content=\"El Consejo Asesor de PUENTECHINA est\u00e1 compuesto por seis miembros, cuatro de ellos pertenecen al Comit\u00e9 de Direcci\u00f3n y dos de ellos son miembros independientes con una amplia y reconocida trascendencia empresarial y acad\u00e9mica:\" \/>\n<meta property=\"og:url\" content=\"https:\/\/www.puentechina.com\/home\/equipo\/\" \/>\n<meta property=\"og:site_name\" content=\"Puentechina\" \/>\n<meta property=\"article:modified_time\" content=\"2024-02-17T17:08:53+00:00\" \/>\n<meta name=\"twitter:card\" content=\"summary_large_image\" \/>\n<script type=\"application\/ld+json\" class=\"yoast-schema-graph\">{\"@context\":\"https:\/\/schema.org\",\"@graph\":[{\"@type\":\"Organization\",\"@id\":\"https:\/\/www.puentechina.com\/home\/#organization\",\"name\":\"PUENTECHINA\",\"url\":\"https:\/\/www.puentechina.com\/home\/\",\"sameAs\":[],\"logo\":{\"@type\":\"ImageObject\",\"@id\":\"https:\/\/www.puentechina.com\/home\/#logo\",\"inLanguage\":\"es\",\"url\":\"https:\/\/www.puentechina.com\/wp-content\/uploads\/2019\/03\/LOGO-TRANSPARENTE.jpg\",\"contentUrl\":\"https:\/\/www.puentechina.com\/wp-content\/uploads\/2019\/03\/LOGO-TRANSPARENTE.jpg\",\"width\":1600,\"height\":274,\"caption\":\"PUENTECHINA\"},\"image\":{\"@id\":\"https:\/\/www.puentechina.com\/home\/#logo\"}},{\"@type\":\"WebSite\",\"@id\":\"https:\/\/www.puentechina.com\/home\/#website\",\"url\":\"https:\/\/www.puentechina.com\/home\/\",\"name\":\"Puentechina\",\"description\":\"\",\"publisher\":{\"@id\":\"https:\/\/www.puentechina.com\/home\/#organization\"},\"potentialAction\":[{\"@type\":\"SearchAction\",\"target\":{\"@type\":\"EntryPoint\",\"urlTemplate\":\"https:\/\/www.puentechina.com\/home\/?s={search_term_string}\"},\"query-input\":\"required name=search_term_string\"}],\"inLanguage\":\"es\"},{\"@type\":\"WebPage\",\"@id\":\"https:\/\/www.puentechina.com\/home\/equipo\/#webpage\",\"url\":\"https:\/\/www.puentechina.com\/home\/equipo\/\",\"name\":\"Equipo - Puentechina\",\"isPartOf\":{\"@id\":\"https:\/\/www.puentechina.com\/home\/#website\"},\"datePublished\":\"2018-05-04T10:50:07+00:00\",\"dateModified\":\"2024-02-17T17:08:53+00:00\",\"breadcrumb\":{\"@id\":\"https:\/\/www.puentechina.com\/home\/equipo\/#breadcrumb\"},\"inLanguage\":\"es\",\"potentialAction\":[{\"@type\":\"ReadAction\",\"target\":[\"https:\/\/www.puentechina.com\/home\/equipo\/\"]}]},{\"@type\":\"BreadcrumbList\",\"@id\":\"https:\/\/www.puentechina.com\/home\/equipo\/#breadcrumb\",\"itemListElement\":[{\"@type\":\"ListItem\",\"position\":1,\"name\":\"Portada\",\"item\":\"https:\/\/www.puentechina.com\/home\/\"},{\"@type\":\"ListItem\",\"position\":2,\"name\":\"Equipo\"}]}]}<\/script>\n<!-- \/ Yoast SEO plugin. -->","yoast_head_json":{"title":"Equipo - Puentechina","robots":{"index":"index","follow":"follow","max-snippet":"max-snippet:-1","max-image-preview":"max-image-preview:large","max-video-preview":"max-video-preview:-1"},"canonical":"https:\/\/www.puentechina.com\/home\/equipo\/","og_locale":"es_ES","og_type":"article","og_title":"Equipo - Puentechina","og_description":"El Consejo Asesor de PUENTECHINA est\u00e1 compuesto por seis miembros, cuatro de ellos pertenecen al Comit\u00e9 de Direcci\u00f3n y dos de ellos son miembros independientes con una amplia y reconocida trascendencia empresarial y acad\u00e9mica:","og_url":"https:\/\/www.puentechina.com\/home\/equipo\/","og_site_name":"Puentechina","article_modified_time":"2024-02-17T17:08:53+00:00","twitter_card":"summary_large_image","schema":{"@context":"https:\/\/schema.org","@graph":[{"@type":"Organization","@id":"https:\/\/www.puentechina.com\/home\/#organization","name":"PUENTECHINA","url":"https:\/\/www.puentechina.com\/home\/","sameAs":[],"logo":{"@type":"ImageObject","@id":"https:\/\/www.puentechina.com\/home\/#logo","inLanguage":"es","url":"https:\/\/www.puentechina.com\/wp-content\/uploads\/2019\/03\/LOGO-TRANSPARENTE.jpg","contentUrl":"https:\/\/www.puentechina.com\/wp-content\/uploads\/2019\/03\/LOGO-TRANSPARENTE.jpg","width":1600,"height":274,"caption":"PUENTECHINA"},"image":{"@id":"https:\/\/www.puentechina.com\/home\/#logo"}},{"@type":"WebSite","@id":"https:\/\/www.puentechina.com\/home\/#website","url":"https:\/\/www.puentechina.com\/home\/","name":"Puentechina","description":"","publisher":{"@id":"https:\/\/www.puentechina.com\/home\/#organization"},"potentialAction":[{"@type":"SearchAction","target":{"@type":"EntryPoint","urlTemplate":"https:\/\/www.puentechina.com\/home\/?s={search_term_string}"},"query-input":"required name=search_term_string"}],"inLanguage":"es"},{"@type":"WebPage","@id":"https:\/\/www.puentechina.com\/home\/equipo\/#webpage","url":"https:\/\/www.puentechina.com\/home\/equipo\/","name":"Equipo - Puentechina","isPartOf":{"@id":"https:\/\/www.puentechina.com\/home\/#website"},"datePublished":"2018-05-04T10:50:07+00:00","dateModified":"2024-02-17T17:08:53+00:00","breadcrumb":{"@id":"https:\/\/www.puentechina.com\/home\/equipo\/#breadcrumb"},"inLanguage":"es","potentialAction":[{"@type":"ReadAction","target":["https:\/\/www.puentechina.com\/home\/equipo\/"]}]},{"@type":"BreadcrumbList","@id":"https:\/\/www.puentechina.com\/home\/equipo\/#breadcrumb","itemListElement":[{"@type":"ListItem","position":1,"name":"Portada","item":"https:\/\/www.puentechina.com\/home\/"},{"@type":"ListItem","position":2,"name":"Equipo"}]}]}},"_links":{"self":[{"href":"https:\/\/www.puentechina.com\/home\/wp-json\/wp\/v2\/pages\/18"}],"collection":[{"href":"https:\/\/www.puentechina.com\/home\/wp-json\/wp\/v2\/pages"}],"about":[{"href":"https:\/\/www.puentechina.com\/home\/wp-json\/wp\/v2\/types\/page"}],"author":[{"embeddable":true,"href":"https:\/\/www.puentechina.com\/home\/wp-json\/wp\/v2\/users\/2"}],"replies":[{"embeddable":true,"href":"https:\/\/www.puentechina.com\/home\/wp-json\/wp\/v2\/comments?post=18"}],"version-history":[{"count":5,"href":"https:\/\/www.puentechina.com\/home\/wp-json\/wp\/v2\/pages\/18\/revisions"}],"predecessor-version":[{"id":5033,"href":"https:\/\/www.puentechina.com\/home\/wp-json\/wp\/v2\/pages\/18\/revisions\/5033"}],"wp:attachment":[{"href":"https:\/\/www.puentechina.com\/home\/wp-json\/wp\/v2\/media?parent=18"}],"curies":[{"name":"wp","href":"https:\/\/api.w.org\/{rel}","templated":true}]}}