{"id":1874,"date":"2018-06-12T08:59:29","date_gmt":"2018-06-12T08:59:29","guid":{"rendered":"http:\/\/www.puentechina.com\/consultoria-de-gestion-empresarial\/"},"modified":"2024-02-15T09:53:03","modified_gmt":"2024-02-15T09:53:03","slug":"consultoria-de-gestion-empresarial","status":"publish","type":"page","link":"https:\/\/www.puentechina.com\/home\/consultoria-de-gestion-empresarial\/?lang=en","title":{"rendered":"Business management consulting"},"content":{"rendered":"","protected":false},"excerpt":{"rendered":"<p>At PUENTECHINA we offer comprehensive advisory and management services, from the outsourcing of certain services to the provision of consulting services, to provide strategic decision making support.<\/p>\n<p>In addition, at PUENTECHINA we offer strategic consulting services and operations related to the internationalization objectives of any business on Chinese, Spanish or European territory, identifying the most suitable strategic partners for each project and coordinating the relationships between the parties.<br \/>\nConsultor\u00eda en la toma de decisiones estrat\u00e9gicas<\/p>\n<p>Asimismo, desde PUENTECHINA ofrecemos servicios de consultor\u00eda estrat\u00e9gica y de operaciones relacionadas con los objetivos de internacionalizaci\u00f3n de cualquier negocio en territorio chino, espa\u00f1ol y europeo, identificando los socios estrat\u00e9gicos m\u00e1s adecuados para cada proyecto y coordinando las relaciones entre las partes.<\/p>\n","protected":false},"author":1,"featured_media":0,"parent":0,"menu_order":0,"comment_status":"closed","ping_status":"closed","template":"","meta":{"footnotes":""},"yoast_head":"<!-- This site is optimized with the Yoast SEO plugin v17.5 - https:\/\/yoast.com\/wordpress\/plugins\/seo\/ -->\n<title>Business management consulting - Puentechina<\/title>\n<meta name=\"robots\" content=\"index, follow, max-snippet:-1, max-image-preview:large, max-video-preview:-1\" \/>\n<link rel=\"canonical\" href=\"https:\/\/www.puentechina.com\/home\/consultoria-de-gestion-empresarial\/?lang=en\" \/>\n<meta property=\"og:locale\" content=\"en_US\" \/>\n<meta property=\"og:type\" content=\"article\" \/>\n<meta property=\"og:title\" content=\"Business management consulting - Puentechina\" \/>\n<meta property=\"og:description\" content=\"At PUENTECHINA we offer comprehensive advisory and management services, from the outsourcing of certain services to the provision of consulting services, to provide strategic decision making support.  In addition, at PUENTECHINA we offer strategic consulting services and operations related to the internationalization objectives of any business on Chinese, Spanish or European territory, identifying the most suitable strategic partners for each project and coordinating the relationships between the parties. Consultor\u00eda en la toma de decisiones estrat\u00e9gicas  Asimismo, desde PUENTECHINA ofrecemos servicios de consultor\u00eda estrat\u00e9gica y de operaciones relacionadas con los objetivos de internacionalizaci\u00f3n de cualquier negocio en territorio chino, espa\u00f1ol y europeo, identificando los socios estrat\u00e9gicos m\u00e1s adecuados para cada proyecto y coordinando las relaciones entre las partes.\" \/>\n<meta property=\"og:url\" content=\"https:\/\/www.puentechina.com\/home\/consultoria-de-gestion-empresarial\/?lang=en\" \/>\n<meta property=\"og:site_name\" content=\"Puentechina\" \/>\n<meta property=\"article:modified_time\" content=\"2024-02-15T09:53:03+00:00\" \/>\n<meta name=\"twitter:card\" content=\"summary_large_image\" \/>\n<script type=\"application\/ld+json\" class=\"yoast-schema-graph\">{\"@context\":\"https:\/\/schema.org\",\"@graph\":[{\"@type\":\"Organization\",\"@id\":\"https:\/\/www.puentechina.com\/home\/#organization\",\"name\":\"PUENTECHINA\",\"url\":\"https:\/\/www.puentechina.com\/home\/\",\"sameAs\":[],\"logo\":{\"@type\":\"ImageObject\",\"@id\":\"https:\/\/www.puentechina.com\/home\/#logo\",\"inLanguage\":\"en-US\",\"url\":\"https:\/\/www.puentechina.com\/wp-content\/uploads\/2019\/03\/LOGO-TRANSPARENTE.jpg\",\"contentUrl\":\"https:\/\/www.puentechina.com\/wp-content\/uploads\/2019\/03\/LOGO-TRANSPARENTE.jpg\",\"width\":1600,\"height\":274,\"caption\":\"PUENTECHINA\"},\"image\":{\"@id\":\"https:\/\/www.puentechina.com\/home\/#logo\"}},{\"@type\":\"WebSite\",\"@id\":\"https:\/\/www.puentechina.com\/home\/#website\",\"url\":\"https:\/\/www.puentechina.com\/home\/\",\"name\":\"Puentechina\",\"description\":\"\",\"publisher\":{\"@id\":\"https:\/\/www.puentechina.com\/home\/#organization\"},\"potentialAction\":[{\"@type\":\"SearchAction\",\"target\":{\"@type\":\"EntryPoint\",\"urlTemplate\":\"https:\/\/www.puentechina.com\/home\/?s={search_term_string}\"},\"query-input\":\"required name=search_term_string\"}],\"inLanguage\":\"en-US\"},{\"@type\":\"WebPage\",\"@id\":\"https:\/\/www.puentechina.com\/home\/consultoria-de-gestion-empresarial\/?lang=en#webpage\",\"url\":\"https:\/\/www.puentechina.com\/home\/consultoria-de-gestion-empresarial\/?lang=en\",\"name\":\"Business management consulting - Puentechina\",\"isPartOf\":{\"@id\":\"https:\/\/www.puentechina.com\/home\/#website\"},\"datePublished\":\"2018-06-12T08:59:29+00:00\",\"dateModified\":\"2024-02-15T09:53:03+00:00\",\"breadcrumb\":{\"@id\":\"https:\/\/www.puentechina.com\/home\/consultoria-de-gestion-empresarial\/?lang=en#breadcrumb\"},\"inLanguage\":\"en-US\",\"potentialAction\":[{\"@type\":\"ReadAction\",\"target\":[\"https:\/\/www.puentechina.com\/home\/consultoria-de-gestion-empresarial\/?lang=en\"]}]},{\"@type\":\"BreadcrumbList\",\"@id\":\"https:\/\/www.puentechina.com\/home\/consultoria-de-gestion-empresarial\/?lang=en#breadcrumb\",\"itemListElement\":[{\"@type\":\"ListItem\",\"position\":1,\"name\":\"Portada\",\"item\":\"https:\/\/www.puentechina.com\/home\/home\/?lang=en\"},{\"@type\":\"ListItem\",\"position\":2,\"name\":\"Business management consulting\"}]}]}<\/script>\n<!-- \/ Yoast SEO plugin. -->","yoast_head_json":{"title":"Business management consulting - Puentechina","robots":{"index":"index","follow":"follow","max-snippet":"max-snippet:-1","max-image-preview":"max-image-preview:large","max-video-preview":"max-video-preview:-1"},"canonical":"https:\/\/www.puentechina.com\/home\/consultoria-de-gestion-empresarial\/?lang=en","og_locale":"en_US","og_type":"article","og_title":"Business management consulting - Puentechina","og_description":"At PUENTECHINA we offer comprehensive advisory and management services, from the outsourcing of certain services to the provision of consulting services, to provide strategic decision making support.  In addition, at PUENTECHINA we offer strategic consulting services and operations related to the internationalization objectives of any business on Chinese, Spanish or European territory, identifying the most suitable strategic partners for each project and coordinating the relationships between the parties. Consultor\u00eda en la toma de decisiones estrat\u00e9gicas  Asimismo, desde PUENTECHINA ofrecemos servicios de consultor\u00eda estrat\u00e9gica y de operaciones relacionadas con los objetivos de internacionalizaci\u00f3n de cualquier negocio en territorio chino, espa\u00f1ol y europeo, identificando los socios estrat\u00e9gicos m\u00e1s adecuados para cada proyecto y coordinando las relaciones entre las partes.","og_url":"https:\/\/www.puentechina.com\/home\/consultoria-de-gestion-empresarial\/?lang=en","og_site_name":"Puentechina","article_modified_time":"2024-02-15T09:53:03+00:00","twitter_card":"summary_large_image","schema":{"@context":"https:\/\/schema.org","@graph":[{"@type":"Organization","@id":"https:\/\/www.puentechina.com\/home\/#organization","name":"PUENTECHINA","url":"https:\/\/www.puentechina.com\/home\/","sameAs":[],"logo":{"@type":"ImageObject","@id":"https:\/\/www.puentechina.com\/home\/#logo","inLanguage":"en-US","url":"https:\/\/www.puentechina.com\/wp-content\/uploads\/2019\/03\/LOGO-TRANSPARENTE.jpg","contentUrl":"https:\/\/www.puentechina.com\/wp-content\/uploads\/2019\/03\/LOGO-TRANSPARENTE.jpg","width":1600,"height":274,"caption":"PUENTECHINA"},"image":{"@id":"https:\/\/www.puentechina.com\/home\/#logo"}},{"@type":"WebSite","@id":"https:\/\/www.puentechina.com\/home\/#website","url":"https:\/\/www.puentechina.com\/home\/","name":"Puentechina","description":"","publisher":{"@id":"https:\/\/www.puentechina.com\/home\/#organization"},"potentialAction":[{"@type":"SearchAction","target":{"@type":"EntryPoint","urlTemplate":"https:\/\/www.puentechina.com\/home\/?s={search_term_string}"},"query-input":"required name=search_term_string"}],"inLanguage":"en-US"},{"@type":"WebPage","@id":"https:\/\/www.puentechina.com\/home\/consultoria-de-gestion-empresarial\/?lang=en#webpage","url":"https:\/\/www.puentechina.com\/home\/consultoria-de-gestion-empresarial\/?lang=en","name":"Business management consulting - Puentechina","isPartOf":{"@id":"https:\/\/www.puentechina.com\/home\/#website"},"datePublished":"2018-06-12T08:59:29+00:00","dateModified":"2024-02-15T09:53:03+00:00","breadcrumb":{"@id":"https:\/\/www.puentechina.com\/home\/consultoria-de-gestion-empresarial\/?lang=en#breadcrumb"},"inLanguage":"en-US","potentialAction":[{"@type":"ReadAction","target":["https:\/\/www.puentechina.com\/home\/consultoria-de-gestion-empresarial\/?lang=en"]}]},{"@type":"BreadcrumbList","@id":"https:\/\/www.puentechina.com\/home\/consultoria-de-gestion-empresarial\/?lang=en#breadcrumb","itemListElement":[{"@type":"ListItem","position":1,"name":"Portada","item":"https:\/\/www.puentechina.com\/home\/home\/?lang=en"},{"@type":"ListItem","position":2,"name":"Business management consulting"}]}]}},"_links":{"self":[{"href":"https:\/\/www.puentechina.com\/home\/wp-json\/wp\/v2\/pages\/1874\/?lang=en"}],"collection":[{"href":"https:\/\/www.puentechina.com\/home\/wp-json\/wp\/v2\/pages\/?lang=en"}],"about":[{"href":"https:\/\/www.puentechina.com\/home\/wp-json\/wp\/v2\/types\/page\/?lang=en"}],"author":[{"embeddable":true,"href":"https:\/\/www.puentechina.com\/home\/wp-json\/wp\/v2\/users\/1\/?lang=en"}],"replies":[{"embeddable":true,"href":"https:\/\/www.puentechina.com\/home\/wp-json\/wp\/v2\/comments\/?lang=en&post=1874"}],"version-history":[{"count":1,"href":"https:\/\/www.puentechina.com\/home\/wp-json\/wp\/v2\/pages\/1874\/revisions\/?lang=en"}],"predecessor-version":[{"id":4635,"href":"https:\/\/www.puentechina.com\/home\/wp-json\/wp\/v2\/pages\/1874\/revisions\/4635\/?lang=en"}],"wp:attachment":[{"href":"https:\/\/www.puentechina.com\/home\/wp-json\/wp\/v2\/media\/?lang=en&parent=1874"}],"curies":[{"name":"wp","href":"https:\/\/api.w.org\/{rel}","templated":true}]}}