{"id":1879,"date":"2018-06-12T08:59:29","date_gmt":"2018-06-12T08:59:29","guid":{"rendered":"http:\/\/www.puentechina.com\/consultoria-de-gestion-empresarial\/"},"modified":"2024-02-15T09:52:46","modified_gmt":"2024-02-15T09:52:46","slug":"consultoria-de-gestion-empresarial","status":"publish","type":"page","link":"https:\/\/www.puentechina.com\/home\/consultoria-de-gestion-empresarial\/?lang=zh-hans","title":{"rendered":"\u4f01\u4e1a\u54a8\u8be2\u4e0e\u7ba1\u7406"},"content":{"rendered":"","protected":false},"excerpt":{"rendered":"<p>\u4f5c\u4e3a\u4e00\u5bb6\u4e13\u4e1a\u7684\u6295\u8d44\uff0c\u54a8\u8be2\u516c\u53f8\uff0c\u6211\u4eec\u4e0e\u9876\u7ea7\u521b\u4e1a\u5bb6\uff0c\u8d44\u6df1\u6295\u8d44\u4eba\u3001\u4f18\u79c0\u4f01\u4e1a\u5bb6\u643a\u624b\u540c\u884c\u3002\u53cc\u4e3d\u96c6\u56e2\u51ed\u501f\u5168\u65b9\u4f4d\u7684\u4e13\u4e1a\u670d\u52a1\u4e0e\u4e8c\u5341\u4f59\u5e74\u7684\u884c\u4e1a\u7ecf\u9a8c\uff0c\u4e3a\u5ba2\u6237\u63d0\u4f9b\u6218\u7565\u54a8\u8be2\u53ca\u6574\u4f53\u7ba1\u7406\u670d\u52a1\uff0c\u5bf9\u4f01\u4e1a\u7ba1\u7406\u4e2d\u5b58\u5728\u7684\u95ee\u9898\u63d0\u4f9b\u9488\u5bf9\u6027\u7684\u89e3\u51b3\u65b9\u6848\u3002\u501f\u52a9\u8de8\u5883\u5e73\u53f0\u7684\u72ec\u7279\u4f18\u52bf\u548c\u5e7f\u6cdb\u7684\u9879\u76ee\u7ecf\u9a8c\uff0c\u53cc\u4e3d\u96c6\u56e2\u8fd8\u53ef\u4ee5\u52a9\u529b\u4f01\u4e1a\u5b9e\u73b0\u5728\u6b27\u6d32\u5e02\u573a\u7684\u7248\u56fe\u6269\u5f20\uff0c\u4e3a\u9879\u76ee\u7504\u522b\u6700\u5408\u9002\u7684\u5408\u4f5c\u4f19\u4f34\u5e76\u5236\u5b9a\u5207\u5b9e\u53ef\u884c\u3001\u7b26\u5408\u5f53\u5730\u5e02\u573a\u73b0\u72b6\u53ca\u653f\u7b56\u7684\u6218\u7565\u65b9\u6848\u4ece\u800c\u4fc3\u8fdb\u4f01\u4e1a\u4e0d\u65ad\u53d1\u5c55\uff0c\u9886\u5148\u5e02\u573a\u3002<br \/>\nAsimismo, desde PUENTECHINA ofrecemos servicios de consultor\u00eda estrat\u00e9gica y de operaciones relacionadas con los objetivos de internacionalizaci\u00f3n de cualquier negocio en territorio chino, espa\u00f1ol y europeo, identificando los socios estrat\u00e9gicos m\u00e1s adecuados para cada proyecto y coordinando las relaciones entre las partes.<\/p>\n","protected":false},"author":1,"featured_media":0,"parent":0,"menu_order":0,"comment_status":"closed","ping_status":"closed","template":"","meta":{"footnotes":""},"yoast_head":"<!-- This site is optimized with the Yoast SEO plugin v17.5 - https:\/\/yoast.com\/wordpress\/plugins\/seo\/ -->\n<title>\u4f01\u4e1a\u54a8\u8be2\u4e0e\u7ba1\u7406 - Puentechina<\/title>\n<meta name=\"robots\" content=\"index, follow, max-snippet:-1, max-image-preview:large, max-video-preview:-1\" \/>\n<link rel=\"canonical\" href=\"https:\/\/www.puentechina.com\/home\/consultoria-de-gestion-empresarial\/?lang=zh-hans\" \/>\n<meta property=\"og:locale\" content=\"zh_CN\" \/>\n<meta property=\"og:type\" content=\"article\" \/>\n<meta property=\"og:title\" content=\"\u4f01\u4e1a\u54a8\u8be2\u4e0e\u7ba1\u7406 - Puentechina\" \/>\n<meta property=\"og:description\" content=\"\u4f5c\u4e3a\u4e00\u5bb6\u4e13\u4e1a\u7684\u6295\u8d44\uff0c\u54a8\u8be2\u516c\u53f8\uff0c\u6211\u4eec\u4e0e\u9876\u7ea7\u521b\u4e1a\u5bb6\uff0c\u8d44\u6df1\u6295\u8d44\u4eba\u3001\u4f18\u79c0\u4f01\u4e1a\u5bb6\u643a\u624b\u540c\u884c\u3002\u53cc\u4e3d\u96c6\u56e2\u51ed\u501f\u5168\u65b9\u4f4d\u7684\u4e13\u4e1a\u670d\u52a1\u4e0e\u4e8c\u5341\u4f59\u5e74\u7684\u884c\u4e1a\u7ecf\u9a8c\uff0c\u4e3a\u5ba2\u6237\u63d0\u4f9b\u6218\u7565\u54a8\u8be2\u53ca\u6574\u4f53\u7ba1\u7406\u670d\u52a1\uff0c\u5bf9\u4f01\u4e1a\u7ba1\u7406\u4e2d\u5b58\u5728\u7684\u95ee\u9898\u63d0\u4f9b\u9488\u5bf9\u6027\u7684\u89e3\u51b3\u65b9\u6848\u3002\u501f\u52a9\u8de8\u5883\u5e73\u53f0\u7684\u72ec\u7279\u4f18\u52bf\u548c\u5e7f\u6cdb\u7684\u9879\u76ee\u7ecf\u9a8c\uff0c\u53cc\u4e3d\u96c6\u56e2\u8fd8\u53ef\u4ee5\u52a9\u529b\u4f01\u4e1a\u5b9e\u73b0\u5728\u6b27\u6d32\u5e02\u573a\u7684\u7248\u56fe\u6269\u5f20\uff0c\u4e3a\u9879\u76ee\u7504\u522b\u6700\u5408\u9002\u7684\u5408\u4f5c\u4f19\u4f34\u5e76\u5236\u5b9a\u5207\u5b9e\u53ef\u884c\u3001\u7b26\u5408\u5f53\u5730\u5e02\u573a\u73b0\u72b6\u53ca\u653f\u7b56\u7684\u6218\u7565\u65b9\u6848\u4ece\u800c\u4fc3\u8fdb\u4f01\u4e1a\u4e0d\u65ad\u53d1\u5c55\uff0c\u9886\u5148\u5e02\u573a\u3002 Asimismo, desde PUENTECHINA ofrecemos servicios de consultor\u00eda estrat\u00e9gica y de operaciones relacionadas con los objetivos de internacionalizaci\u00f3n de cualquier negocio en territorio chino, espa\u00f1ol y europeo, identificando los socios estrat\u00e9gicos m\u00e1s adecuados para cada proyecto y coordinando las relaciones entre las partes.\" \/>\n<meta property=\"og:url\" content=\"https:\/\/www.puentechina.com\/home\/consultoria-de-gestion-empresarial\/?lang=zh-hans\" \/>\n<meta property=\"og:site_name\" content=\"Puentechina\" \/>\n<meta property=\"article:modified_time\" content=\"2024-02-15T09:52:46+00:00\" \/>\n<meta name=\"twitter:card\" content=\"summary_large_image\" \/>\n<script type=\"application\/ld+json\" class=\"yoast-schema-graph\">{\"@context\":\"https:\/\/schema.org\",\"@graph\":[{\"@type\":\"Organization\",\"@id\":\"https:\/\/www.puentechina.com\/home\/#organization\",\"name\":\"PUENTECHINA\",\"url\":\"https:\/\/www.puentechina.com\/home\/\",\"sameAs\":[],\"logo\":{\"@type\":\"ImageObject\",\"@id\":\"https:\/\/www.puentechina.com\/home\/#logo\",\"inLanguage\":\"zh-Hans\",\"url\":\"https:\/\/www.puentechina.com\/wp-content\/uploads\/2019\/03\/LOGO-TRANSPARENTE.jpg\",\"contentUrl\":\"https:\/\/www.puentechina.com\/wp-content\/uploads\/2019\/03\/LOGO-TRANSPARENTE.jpg\",\"width\":1600,\"height\":274,\"caption\":\"PUENTECHINA\"},\"image\":{\"@id\":\"https:\/\/www.puentechina.com\/home\/#logo\"}},{\"@type\":\"WebSite\",\"@id\":\"https:\/\/www.puentechina.com\/home\/#website\",\"url\":\"https:\/\/www.puentechina.com\/home\/\",\"name\":\"Puentechina\",\"description\":\"\",\"publisher\":{\"@id\":\"https:\/\/www.puentechina.com\/home\/#organization\"},\"potentialAction\":[{\"@type\":\"SearchAction\",\"target\":{\"@type\":\"EntryPoint\",\"urlTemplate\":\"https:\/\/www.puentechina.com\/home\/?s={search_term_string}\"},\"query-input\":\"required name=search_term_string\"}],\"inLanguage\":\"zh-Hans\"},{\"@type\":\"WebPage\",\"@id\":\"https:\/\/www.puentechina.com\/home\/consultoria-de-gestion-empresarial\/?lang=zh-hans#webpage\",\"url\":\"https:\/\/www.puentechina.com\/home\/consultoria-de-gestion-empresarial\/?lang=zh-hans\",\"name\":\"\\u4f01\\u4e1a\\u54a8\\u8be2\\u4e0e\\u7ba1\\u7406 - Puentechina\",\"isPartOf\":{\"@id\":\"https:\/\/www.puentechina.com\/home\/#website\"},\"datePublished\":\"2018-06-12T08:59:29+00:00\",\"dateModified\":\"2024-02-15T09:52:46+00:00\",\"breadcrumb\":{\"@id\":\"https:\/\/www.puentechina.com\/home\/consultoria-de-gestion-empresarial\/?lang=zh-hans#breadcrumb\"},\"inLanguage\":\"zh-Hans\",\"potentialAction\":[{\"@type\":\"ReadAction\",\"target\":[\"https:\/\/www.puentechina.com\/home\/consultoria-de-gestion-empresarial\/?lang=zh-hans\"]}]},{\"@type\":\"BreadcrumbList\",\"@id\":\"https:\/\/www.puentechina.com\/home\/consultoria-de-gestion-empresarial\/?lang=zh-hans#breadcrumb\",\"itemListElement\":[{\"@type\":\"ListItem\",\"position\":1,\"name\":\"Portada\",\"item\":\"https:\/\/www.puentechina.com\/home\/home\/?lang=zh-hans\"},{\"@type\":\"ListItem\",\"position\":2,\"name\":\"\\u4f01\\u4e1a\\u54a8\\u8be2\\u4e0e\\u7ba1\\u7406\"}]}]}<\/script>\n<!-- \/ Yoast SEO plugin. -->","yoast_head_json":{"title":"\u4f01\u4e1a\u54a8\u8be2\u4e0e\u7ba1\u7406 - Puentechina","robots":{"index":"index","follow":"follow","max-snippet":"max-snippet:-1","max-image-preview":"max-image-preview:large","max-video-preview":"max-video-preview:-1"},"canonical":"https:\/\/www.puentechina.com\/home\/consultoria-de-gestion-empresarial\/?lang=zh-hans","og_locale":"zh_CN","og_type":"article","og_title":"\u4f01\u4e1a\u54a8\u8be2\u4e0e\u7ba1\u7406 - Puentechina","og_description":"\u4f5c\u4e3a\u4e00\u5bb6\u4e13\u4e1a\u7684\u6295\u8d44\uff0c\u54a8\u8be2\u516c\u53f8\uff0c\u6211\u4eec\u4e0e\u9876\u7ea7\u521b\u4e1a\u5bb6\uff0c\u8d44\u6df1\u6295\u8d44\u4eba\u3001\u4f18\u79c0\u4f01\u4e1a\u5bb6\u643a\u624b\u540c\u884c\u3002\u53cc\u4e3d\u96c6\u56e2\u51ed\u501f\u5168\u65b9\u4f4d\u7684\u4e13\u4e1a\u670d\u52a1\u4e0e\u4e8c\u5341\u4f59\u5e74\u7684\u884c\u4e1a\u7ecf\u9a8c\uff0c\u4e3a\u5ba2\u6237\u63d0\u4f9b\u6218\u7565\u54a8\u8be2\u53ca\u6574\u4f53\u7ba1\u7406\u670d\u52a1\uff0c\u5bf9\u4f01\u4e1a\u7ba1\u7406\u4e2d\u5b58\u5728\u7684\u95ee\u9898\u63d0\u4f9b\u9488\u5bf9\u6027\u7684\u89e3\u51b3\u65b9\u6848\u3002\u501f\u52a9\u8de8\u5883\u5e73\u53f0\u7684\u72ec\u7279\u4f18\u52bf\u548c\u5e7f\u6cdb\u7684\u9879\u76ee\u7ecf\u9a8c\uff0c\u53cc\u4e3d\u96c6\u56e2\u8fd8\u53ef\u4ee5\u52a9\u529b\u4f01\u4e1a\u5b9e\u73b0\u5728\u6b27\u6d32\u5e02\u573a\u7684\u7248\u56fe\u6269\u5f20\uff0c\u4e3a\u9879\u76ee\u7504\u522b\u6700\u5408\u9002\u7684\u5408\u4f5c\u4f19\u4f34\u5e76\u5236\u5b9a\u5207\u5b9e\u53ef\u884c\u3001\u7b26\u5408\u5f53\u5730\u5e02\u573a\u73b0\u72b6\u53ca\u653f\u7b56\u7684\u6218\u7565\u65b9\u6848\u4ece\u800c\u4fc3\u8fdb\u4f01\u4e1a\u4e0d\u65ad\u53d1\u5c55\uff0c\u9886\u5148\u5e02\u573a\u3002 Asimismo, desde PUENTECHINA ofrecemos servicios de consultor\u00eda estrat\u00e9gica y de operaciones relacionadas con los objetivos de internacionalizaci\u00f3n de cualquier negocio en territorio chino, espa\u00f1ol y europeo, identificando los socios estrat\u00e9gicos m\u00e1s adecuados para cada proyecto y coordinando las relaciones entre las partes.","og_url":"https:\/\/www.puentechina.com\/home\/consultoria-de-gestion-empresarial\/?lang=zh-hans","og_site_name":"Puentechina","article_modified_time":"2024-02-15T09:52:46+00:00","twitter_card":"summary_large_image","schema":{"@context":"https:\/\/schema.org","@graph":[{"@type":"Organization","@id":"https:\/\/www.puentechina.com\/home\/#organization","name":"PUENTECHINA","url":"https:\/\/www.puentechina.com\/home\/","sameAs":[],"logo":{"@type":"ImageObject","@id":"https:\/\/www.puentechina.com\/home\/#logo","inLanguage":"zh-Hans","url":"https:\/\/www.puentechina.com\/wp-content\/uploads\/2019\/03\/LOGO-TRANSPARENTE.jpg","contentUrl":"https:\/\/www.puentechina.com\/wp-content\/uploads\/2019\/03\/LOGO-TRANSPARENTE.jpg","width":1600,"height":274,"caption":"PUENTECHINA"},"image":{"@id":"https:\/\/www.puentechina.com\/home\/#logo"}},{"@type":"WebSite","@id":"https:\/\/www.puentechina.com\/home\/#website","url":"https:\/\/www.puentechina.com\/home\/","name":"Puentechina","description":"","publisher":{"@id":"https:\/\/www.puentechina.com\/home\/#organization"},"potentialAction":[{"@type":"SearchAction","target":{"@type":"EntryPoint","urlTemplate":"https:\/\/www.puentechina.com\/home\/?s={search_term_string}"},"query-input":"required name=search_term_string"}],"inLanguage":"zh-Hans"},{"@type":"WebPage","@id":"https:\/\/www.puentechina.com\/home\/consultoria-de-gestion-empresarial\/?lang=zh-hans#webpage","url":"https:\/\/www.puentechina.com\/home\/consultoria-de-gestion-empresarial\/?lang=zh-hans","name":"\u4f01\u4e1a\u54a8\u8be2\u4e0e\u7ba1\u7406 - Puentechina","isPartOf":{"@id":"https:\/\/www.puentechina.com\/home\/#website"},"datePublished":"2018-06-12T08:59:29+00:00","dateModified":"2024-02-15T09:52:46+00:00","breadcrumb":{"@id":"https:\/\/www.puentechina.com\/home\/consultoria-de-gestion-empresarial\/?lang=zh-hans#breadcrumb"},"inLanguage":"zh-Hans","potentialAction":[{"@type":"ReadAction","target":["https:\/\/www.puentechina.com\/home\/consultoria-de-gestion-empresarial\/?lang=zh-hans"]}]},{"@type":"BreadcrumbList","@id":"https:\/\/www.puentechina.com\/home\/consultoria-de-gestion-empresarial\/?lang=zh-hans#breadcrumb","itemListElement":[{"@type":"ListItem","position":1,"name":"Portada","item":"https:\/\/www.puentechina.com\/home\/home\/?lang=zh-hans"},{"@type":"ListItem","position":2,"name":"\u4f01\u4e1a\u54a8\u8be2\u4e0e\u7ba1\u7406"}]}]}},"_links":{"self":[{"href":"https:\/\/www.puentechina.com\/home\/wp-json\/wp\/v2\/pages\/1879\/?lang=zh-hans"}],"collection":[{"href":"https:\/\/www.puentechina.com\/home\/wp-json\/wp\/v2\/pages\/?lang=zh-hans"}],"about":[{"href":"https:\/\/www.puentechina.com\/home\/wp-json\/wp\/v2\/types\/page\/?lang=zh-hans"}],"author":[{"embeddable":true,"href":"https:\/\/www.puentechina.com\/home\/wp-json\/wp\/v2\/users\/1\/?lang=zh-hans"}],"replies":[{"embeddable":true,"href":"https:\/\/www.puentechina.com\/home\/wp-json\/wp\/v2\/comments\/?lang=zh-hans&post=1879"}],"version-history":[{"count":1,"href":"https:\/\/www.puentechina.com\/home\/wp-json\/wp\/v2\/pages\/1879\/revisions\/?lang=zh-hans"}],"predecessor-version":[{"id":4636,"href":"https:\/\/www.puentechina.com\/home\/wp-json\/wp\/v2\/pages\/1879\/revisions\/4636\/?lang=zh-hans"}],"wp:attachment":[{"href":"https:\/\/www.puentechina.com\/home\/wp-json\/wp\/v2\/media\/?lang=zh-hans&parent=1879"}],"curies":[{"name":"wp","href":"https:\/\/api.w.org\/{rel}","templated":true}]}}