{"id":1885,"date":"2018-06-12T08:58:59","date_gmt":"2018-06-12T08:58:59","guid":{"rendered":"http:\/\/www.puentechina.com\/fusiones-y-adquisiciones\/"},"modified":"2024-02-15T09:53:03","modified_gmt":"2024-02-15T09:53:03","slug":"fusiones-y-adquisiciones","status":"publish","type":"page","link":"https:\/\/www.puentechina.com\/home\/fusiones-y-adquisiciones\/?lang=en","title":{"rendered":"M &#038; A"},"content":{"rendered":"","protected":false},"excerpt":{"rendered":"<p>The M &#038; A division has a wide, select and close range of multi-sector companies with Chinese capital, with great interest and serious objectives focussed on internationalizing their industrial activity through the acquisition of, or participation in, European companies.<\/p>\n<p>That is why our M &#038; A division and services include the provision of integrated services that provide a comprehensive coverage of potential operations, both of association with, and acquisition of, multi-sector companies in Spain, Europe and China.<\/p>\n<p>Es por ello que nuestra divisi\u00f3n y servicios de M&#038;A, incluye la prestaci\u00f3n de servicios integrados que facilitan una cobertura de 360 grados sobre potenciales operaciones tanto de asociaci\u00f3n como de adquisici\u00f3n de empresas multisectoriales en Espa\u00f1a, Europa y en China.<\/p>\n","protected":false},"author":1,"featured_media":0,"parent":0,"menu_order":0,"comment_status":"closed","ping_status":"closed","template":"","meta":{"footnotes":""},"yoast_head":"<!-- This site is optimized with the Yoast SEO plugin v17.5 - https:\/\/yoast.com\/wordpress\/plugins\/seo\/ -->\n<title>M &amp; A - Puentechina<\/title>\n<meta name=\"robots\" content=\"index, follow, max-snippet:-1, max-image-preview:large, max-video-preview:-1\" \/>\n<link rel=\"canonical\" href=\"https:\/\/www.puentechina.com\/home\/fusiones-y-adquisiciones\/?lang=en\" \/>\n<meta property=\"og:locale\" content=\"en_US\" \/>\n<meta property=\"og:type\" content=\"article\" \/>\n<meta property=\"og:title\" content=\"M &amp; A - Puentechina\" \/>\n<meta property=\"og:description\" content=\"The M &amp; A division has a wide, select and close range of multi-sector companies with Chinese capital, with great interest and serious objectives focussed on internationalizing their industrial activity through the acquisition of, or participation in, European companies.  That is why our M &amp; A division and services include the provision of integrated services that provide a comprehensive coverage of potential operations, both of association with, and acquisition of, multi-sector companies in Spain, Europe and China.  Es por ello que nuestra divisi\u00f3n y servicios de M&amp;A, incluye la prestaci\u00f3n de servicios integrados que facilitan una cobertura de 360 grados sobre potenciales operaciones tanto de asociaci\u00f3n como de adquisici\u00f3n de empresas multisectoriales en Espa\u00f1a, Europa y en China.\" \/>\n<meta property=\"og:url\" content=\"https:\/\/www.puentechina.com\/home\/fusiones-y-adquisiciones\/?lang=en\" \/>\n<meta property=\"og:site_name\" content=\"Puentechina\" \/>\n<meta property=\"article:modified_time\" content=\"2024-02-15T09:53:03+00:00\" \/>\n<meta name=\"twitter:card\" content=\"summary_large_image\" \/>\n<script type=\"application\/ld+json\" class=\"yoast-schema-graph\">{\"@context\":\"https:\/\/schema.org\",\"@graph\":[{\"@type\":\"Organization\",\"@id\":\"https:\/\/www.puentechina.com\/home\/#organization\",\"name\":\"PUENTECHINA\",\"url\":\"https:\/\/www.puentechina.com\/home\/\",\"sameAs\":[],\"logo\":{\"@type\":\"ImageObject\",\"@id\":\"https:\/\/www.puentechina.com\/home\/#logo\",\"inLanguage\":\"en-US\",\"url\":\"https:\/\/www.puentechina.com\/wp-content\/uploads\/2019\/03\/LOGO-TRANSPARENTE.jpg\",\"contentUrl\":\"https:\/\/www.puentechina.com\/wp-content\/uploads\/2019\/03\/LOGO-TRANSPARENTE.jpg\",\"width\":1600,\"height\":274,\"caption\":\"PUENTECHINA\"},\"image\":{\"@id\":\"https:\/\/www.puentechina.com\/home\/#logo\"}},{\"@type\":\"WebSite\",\"@id\":\"https:\/\/www.puentechina.com\/home\/#website\",\"url\":\"https:\/\/www.puentechina.com\/home\/\",\"name\":\"Puentechina\",\"description\":\"\",\"publisher\":{\"@id\":\"https:\/\/www.puentechina.com\/home\/#organization\"},\"potentialAction\":[{\"@type\":\"SearchAction\",\"target\":{\"@type\":\"EntryPoint\",\"urlTemplate\":\"https:\/\/www.puentechina.com\/home\/?s={search_term_string}\"},\"query-input\":\"required name=search_term_string\"}],\"inLanguage\":\"en-US\"},{\"@type\":\"WebPage\",\"@id\":\"https:\/\/www.puentechina.com\/home\/fusiones-y-adquisiciones\/?lang=en#webpage\",\"url\":\"https:\/\/www.puentechina.com\/home\/fusiones-y-adquisiciones\/?lang=en\",\"name\":\"M & A - Puentechina\",\"isPartOf\":{\"@id\":\"https:\/\/www.puentechina.com\/home\/#website\"},\"datePublished\":\"2018-06-12T08:58:59+00:00\",\"dateModified\":\"2024-02-15T09:53:03+00:00\",\"breadcrumb\":{\"@id\":\"https:\/\/www.puentechina.com\/home\/fusiones-y-adquisiciones\/?lang=en#breadcrumb\"},\"inLanguage\":\"en-US\",\"potentialAction\":[{\"@type\":\"ReadAction\",\"target\":[\"https:\/\/www.puentechina.com\/home\/fusiones-y-adquisiciones\/?lang=en\"]}]},{\"@type\":\"BreadcrumbList\",\"@id\":\"https:\/\/www.puentechina.com\/home\/fusiones-y-adquisiciones\/?lang=en#breadcrumb\",\"itemListElement\":[{\"@type\":\"ListItem\",\"position\":1,\"name\":\"Portada\",\"item\":\"https:\/\/www.puentechina.com\/home\/home\/?lang=en\"},{\"@type\":\"ListItem\",\"position\":2,\"name\":\"M &#038; A\"}]}]}<\/script>\n<!-- \/ Yoast SEO plugin. -->","yoast_head_json":{"title":"M & A - Puentechina","robots":{"index":"index","follow":"follow","max-snippet":"max-snippet:-1","max-image-preview":"max-image-preview:large","max-video-preview":"max-video-preview:-1"},"canonical":"https:\/\/www.puentechina.com\/home\/fusiones-y-adquisiciones\/?lang=en","og_locale":"en_US","og_type":"article","og_title":"M & A - Puentechina","og_description":"The M & A division has a wide, select and close range of multi-sector companies with Chinese capital, with great interest and serious objectives focussed on internationalizing their industrial activity through the acquisition of, or participation in, European companies.  That is why our M & A division and services include the provision of integrated services that provide a comprehensive coverage of potential operations, both of association with, and acquisition of, multi-sector companies in Spain, Europe and China.  Es por ello que nuestra divisi\u00f3n y servicios de M&A, incluye la prestaci\u00f3n de servicios integrados que facilitan una cobertura de 360 grados sobre potenciales operaciones tanto de asociaci\u00f3n como de adquisici\u00f3n de empresas multisectoriales en Espa\u00f1a, Europa y en China.","og_url":"https:\/\/www.puentechina.com\/home\/fusiones-y-adquisiciones\/?lang=en","og_site_name":"Puentechina","article_modified_time":"2024-02-15T09:53:03+00:00","twitter_card":"summary_large_image","schema":{"@context":"https:\/\/schema.org","@graph":[{"@type":"Organization","@id":"https:\/\/www.puentechina.com\/home\/#organization","name":"PUENTECHINA","url":"https:\/\/www.puentechina.com\/home\/","sameAs":[],"logo":{"@type":"ImageObject","@id":"https:\/\/www.puentechina.com\/home\/#logo","inLanguage":"en-US","url":"https:\/\/www.puentechina.com\/wp-content\/uploads\/2019\/03\/LOGO-TRANSPARENTE.jpg","contentUrl":"https:\/\/www.puentechina.com\/wp-content\/uploads\/2019\/03\/LOGO-TRANSPARENTE.jpg","width":1600,"height":274,"caption":"PUENTECHINA"},"image":{"@id":"https:\/\/www.puentechina.com\/home\/#logo"}},{"@type":"WebSite","@id":"https:\/\/www.puentechina.com\/home\/#website","url":"https:\/\/www.puentechina.com\/home\/","name":"Puentechina","description":"","publisher":{"@id":"https:\/\/www.puentechina.com\/home\/#organization"},"potentialAction":[{"@type":"SearchAction","target":{"@type":"EntryPoint","urlTemplate":"https:\/\/www.puentechina.com\/home\/?s={search_term_string}"},"query-input":"required name=search_term_string"}],"inLanguage":"en-US"},{"@type":"WebPage","@id":"https:\/\/www.puentechina.com\/home\/fusiones-y-adquisiciones\/?lang=en#webpage","url":"https:\/\/www.puentechina.com\/home\/fusiones-y-adquisiciones\/?lang=en","name":"M & A - Puentechina","isPartOf":{"@id":"https:\/\/www.puentechina.com\/home\/#website"},"datePublished":"2018-06-12T08:58:59+00:00","dateModified":"2024-02-15T09:53:03+00:00","breadcrumb":{"@id":"https:\/\/www.puentechina.com\/home\/fusiones-y-adquisiciones\/?lang=en#breadcrumb"},"inLanguage":"en-US","potentialAction":[{"@type":"ReadAction","target":["https:\/\/www.puentechina.com\/home\/fusiones-y-adquisiciones\/?lang=en"]}]},{"@type":"BreadcrumbList","@id":"https:\/\/www.puentechina.com\/home\/fusiones-y-adquisiciones\/?lang=en#breadcrumb","itemListElement":[{"@type":"ListItem","position":1,"name":"Portada","item":"https:\/\/www.puentechina.com\/home\/home\/?lang=en"},{"@type":"ListItem","position":2,"name":"M &#038; A"}]}]}},"_links":{"self":[{"href":"https:\/\/www.puentechina.com\/home\/wp-json\/wp\/v2\/pages\/1885\/?lang=en"}],"collection":[{"href":"https:\/\/www.puentechina.com\/home\/wp-json\/wp\/v2\/pages\/?lang=en"}],"about":[{"href":"https:\/\/www.puentechina.com\/home\/wp-json\/wp\/v2\/types\/page\/?lang=en"}],"author":[{"embeddable":true,"href":"https:\/\/www.puentechina.com\/home\/wp-json\/wp\/v2\/users\/1\/?lang=en"}],"replies":[{"embeddable":true,"href":"https:\/\/www.puentechina.com\/home\/wp-json\/wp\/v2\/comments\/?lang=en&post=1885"}],"version-history":[{"count":1,"href":"https:\/\/www.puentechina.com\/home\/wp-json\/wp\/v2\/pages\/1885\/revisions\/?lang=en"}],"predecessor-version":[{"id":4637,"href":"https:\/\/www.puentechina.com\/home\/wp-json\/wp\/v2\/pages\/1885\/revisions\/4637\/?lang=en"}],"wp:attachment":[{"href":"https:\/\/www.puentechina.com\/home\/wp-json\/wp\/v2\/media\/?lang=en&parent=1885"}],"curies":[{"name":"wp","href":"https:\/\/api.w.org\/{rel}","templated":true}]}}