{"id":1893,"date":"2018-06-12T08:58:59","date_gmt":"2018-06-12T08:58:59","guid":{"rendered":"http:\/\/www.puentechina.com\/fusiones-y-adquisiciones\/"},"modified":"2024-02-15T09:53:03","modified_gmt":"2024-02-15T09:53:03","slug":"fusiones-y-adquisiciones","status":"publish","type":"page","link":"https:\/\/www.puentechina.com\/home\/fusiones-y-adquisiciones\/?lang=zh-hans","title":{"rendered":"\u4f01\u4e1a\u6536\u8d2d\u517c\u5e76"},"content":{"rendered":"","protected":false},"excerpt":{"rendered":"<p>\u5168\u7403\u5316\u80cc\u666f\u4e0b\u5927\u91cf\uff0c\u591a\u5143\u7684\u4e2d\u56fd\u516c\u53f8\u6b63\u5728\u5bfb\u6c42\u8fdb\u5165\u6b27\u6d32\u5e02\u573a\uff0c\u5b9e\u73b0\u4ea7\u4e1a\u56fd\u9645\u5316\u53d1\u5c55\u6216\u628a\u6b27\u6d32\u5148\u8fdb\u7684\u5546\u4e1a\u6a21\u5f0f\u548c\u6280\u672f\u5f15\u8fdb\u4e2d\u56fd\uff0c\u5b8c\u6210\u4ece\u201c\u4e2d\u56fd\u5236\u9020\u201d\u5230\u201c\u4e2d\u56fd\u667a\u9020\u201d\u7684\u8f6c\u578b\u3002\u4e0e\u6b64\u540c\u65f6\uff0c\u4e2d\u56fd\u662f\u5168\u7403\u6700\u91cd\u8981\u5e02\u573a\u4e4b\u4e00\uff0c\u5145\u6ee1\u7740\u5404\u79cd\u53d1\u5c55\u53ef\u80fd\u3002\u6b27\u6d32\u516c\u53f8\u4e5f\u6e34\u671b\u8fdb\u5165\u5e76\u5f00\u62d3\u4e2d\u56fd\u5e02\u573a\u3002 \u4e3a\u6b64\uff0c\u96c6\u56e2\u63d0\u4f9b360\u5ea6\u5168\u8986\u76d6\u4f01\u4e1a\u5e76\u8d2d\u670d\u52a1\u6765\u5e2e\u52a9\u4f01\u4e1a\u5b9e\u73b0\u8de8\u5883\u5408\u4f5c\u3002<\/p>\n<p>Es por ello que nuestra divisi\u00f3n y servicios de M&#038;A, incluye la prestaci\u00f3n de servicios integrados que facilitan una cobertura de 360 grados sobre potenciales operaciones tanto de asociaci\u00f3n como de adquisici\u00f3n de empresas multisectoriales en Espa\u00f1a, Europa y en China.<\/p>\n","protected":false},"author":1,"featured_media":0,"parent":0,"menu_order":0,"comment_status":"closed","ping_status":"closed","template":"","meta":{"footnotes":""},"yoast_head":"<!-- This site is optimized with the Yoast SEO plugin v17.5 - https:\/\/yoast.com\/wordpress\/plugins\/seo\/ -->\n<title>\u4f01\u4e1a\u6536\u8d2d\u517c\u5e76 - Puentechina<\/title>\n<meta name=\"robots\" content=\"index, follow, max-snippet:-1, max-image-preview:large, max-video-preview:-1\" \/>\n<link rel=\"canonical\" href=\"https:\/\/www.puentechina.com\/home\/fusiones-y-adquisiciones\/?lang=zh-hans\" \/>\n<meta property=\"og:locale\" content=\"zh_CN\" \/>\n<meta property=\"og:type\" content=\"article\" \/>\n<meta property=\"og:title\" content=\"\u4f01\u4e1a\u6536\u8d2d\u517c\u5e76 - Puentechina\" \/>\n<meta property=\"og:description\" content=\"\u5168\u7403\u5316\u80cc\u666f\u4e0b\u5927\u91cf\uff0c\u591a\u5143\u7684\u4e2d\u56fd\u516c\u53f8\u6b63\u5728\u5bfb\u6c42\u8fdb\u5165\u6b27\u6d32\u5e02\u573a\uff0c\u5b9e\u73b0\u4ea7\u4e1a\u56fd\u9645\u5316\u53d1\u5c55\u6216\u628a\u6b27\u6d32\u5148\u8fdb\u7684\u5546\u4e1a\u6a21\u5f0f\u548c\u6280\u672f\u5f15\u8fdb\u4e2d\u56fd\uff0c\u5b8c\u6210\u4ece\u201c\u4e2d\u56fd\u5236\u9020\u201d\u5230\u201c\u4e2d\u56fd\u667a\u9020\u201d\u7684\u8f6c\u578b\u3002\u4e0e\u6b64\u540c\u65f6\uff0c\u4e2d\u56fd\u662f\u5168\u7403\u6700\u91cd\u8981\u5e02\u573a\u4e4b\u4e00\uff0c\u5145\u6ee1\u7740\u5404\u79cd\u53d1\u5c55\u53ef\u80fd\u3002\u6b27\u6d32\u516c\u53f8\u4e5f\u6e34\u671b\u8fdb\u5165\u5e76\u5f00\u62d3\u4e2d\u56fd\u5e02\u573a\u3002 \u4e3a\u6b64\uff0c\u96c6\u56e2\u63d0\u4f9b360\u5ea6\u5168\u8986\u76d6\u4f01\u4e1a\u5e76\u8d2d\u670d\u52a1\u6765\u5e2e\u52a9\u4f01\u4e1a\u5b9e\u73b0\u8de8\u5883\u5408\u4f5c\u3002  Es por ello que nuestra divisi\u00f3n y servicios de M&amp;A, incluye la prestaci\u00f3n de servicios integrados que facilitan una cobertura de 360 grados sobre potenciales operaciones tanto de asociaci\u00f3n como de adquisici\u00f3n de empresas multisectoriales en Espa\u00f1a, Europa y en China.\" \/>\n<meta property=\"og:url\" content=\"https:\/\/www.puentechina.com\/home\/fusiones-y-adquisiciones\/?lang=zh-hans\" \/>\n<meta property=\"og:site_name\" content=\"Puentechina\" \/>\n<meta property=\"article:modified_time\" content=\"2024-02-15T09:53:03+00:00\" \/>\n<meta name=\"twitter:card\" content=\"summary_large_image\" \/>\n<script type=\"application\/ld+json\" class=\"yoast-schema-graph\">{\"@context\":\"https:\/\/schema.org\",\"@graph\":[{\"@type\":\"Organization\",\"@id\":\"https:\/\/www.puentechina.com\/home\/#organization\",\"name\":\"PUENTECHINA\",\"url\":\"https:\/\/www.puentechina.com\/home\/\",\"sameAs\":[],\"logo\":{\"@type\":\"ImageObject\",\"@id\":\"https:\/\/www.puentechina.com\/home\/#logo\",\"inLanguage\":\"zh-Hans\",\"url\":\"https:\/\/www.puentechina.com\/wp-content\/uploads\/2019\/03\/LOGO-TRANSPARENTE.jpg\",\"contentUrl\":\"https:\/\/www.puentechina.com\/wp-content\/uploads\/2019\/03\/LOGO-TRANSPARENTE.jpg\",\"width\":1600,\"height\":274,\"caption\":\"PUENTECHINA\"},\"image\":{\"@id\":\"https:\/\/www.puentechina.com\/home\/#logo\"}},{\"@type\":\"WebSite\",\"@id\":\"https:\/\/www.puentechina.com\/home\/#website\",\"url\":\"https:\/\/www.puentechina.com\/home\/\",\"name\":\"Puentechina\",\"description\":\"\",\"publisher\":{\"@id\":\"https:\/\/www.puentechina.com\/home\/#organization\"},\"potentialAction\":[{\"@type\":\"SearchAction\",\"target\":{\"@type\":\"EntryPoint\",\"urlTemplate\":\"https:\/\/www.puentechina.com\/home\/?s={search_term_string}\"},\"query-input\":\"required name=search_term_string\"}],\"inLanguage\":\"zh-Hans\"},{\"@type\":\"WebPage\",\"@id\":\"https:\/\/www.puentechina.com\/home\/fusiones-y-adquisiciones\/?lang=zh-hans#webpage\",\"url\":\"https:\/\/www.puentechina.com\/home\/fusiones-y-adquisiciones\/?lang=zh-hans\",\"name\":\"\\u4f01\\u4e1a\\u6536\\u8d2d\\u517c\\u5e76 - Puentechina\",\"isPartOf\":{\"@id\":\"https:\/\/www.puentechina.com\/home\/#website\"},\"datePublished\":\"2018-06-12T08:58:59+00:00\",\"dateModified\":\"2024-02-15T09:53:03+00:00\",\"breadcrumb\":{\"@id\":\"https:\/\/www.puentechina.com\/home\/fusiones-y-adquisiciones\/?lang=zh-hans#breadcrumb\"},\"inLanguage\":\"zh-Hans\",\"potentialAction\":[{\"@type\":\"ReadAction\",\"target\":[\"https:\/\/www.puentechina.com\/home\/fusiones-y-adquisiciones\/?lang=zh-hans\"]}]},{\"@type\":\"BreadcrumbList\",\"@id\":\"https:\/\/www.puentechina.com\/home\/fusiones-y-adquisiciones\/?lang=zh-hans#breadcrumb\",\"itemListElement\":[{\"@type\":\"ListItem\",\"position\":1,\"name\":\"Portada\",\"item\":\"https:\/\/www.puentechina.com\/home\/home\/?lang=zh-hans\"},{\"@type\":\"ListItem\",\"position\":2,\"name\":\"\\u4f01\\u4e1a\\u6536\\u8d2d\\u517c\\u5e76\"}]}]}<\/script>\n<!-- \/ Yoast SEO plugin. -->","yoast_head_json":{"title":"\u4f01\u4e1a\u6536\u8d2d\u517c\u5e76 - Puentechina","robots":{"index":"index","follow":"follow","max-snippet":"max-snippet:-1","max-image-preview":"max-image-preview:large","max-video-preview":"max-video-preview:-1"},"canonical":"https:\/\/www.puentechina.com\/home\/fusiones-y-adquisiciones\/?lang=zh-hans","og_locale":"zh_CN","og_type":"article","og_title":"\u4f01\u4e1a\u6536\u8d2d\u517c\u5e76 - Puentechina","og_description":"\u5168\u7403\u5316\u80cc\u666f\u4e0b\u5927\u91cf\uff0c\u591a\u5143\u7684\u4e2d\u56fd\u516c\u53f8\u6b63\u5728\u5bfb\u6c42\u8fdb\u5165\u6b27\u6d32\u5e02\u573a\uff0c\u5b9e\u73b0\u4ea7\u4e1a\u56fd\u9645\u5316\u53d1\u5c55\u6216\u628a\u6b27\u6d32\u5148\u8fdb\u7684\u5546\u4e1a\u6a21\u5f0f\u548c\u6280\u672f\u5f15\u8fdb\u4e2d\u56fd\uff0c\u5b8c\u6210\u4ece\u201c\u4e2d\u56fd\u5236\u9020\u201d\u5230\u201c\u4e2d\u56fd\u667a\u9020\u201d\u7684\u8f6c\u578b\u3002\u4e0e\u6b64\u540c\u65f6\uff0c\u4e2d\u56fd\u662f\u5168\u7403\u6700\u91cd\u8981\u5e02\u573a\u4e4b\u4e00\uff0c\u5145\u6ee1\u7740\u5404\u79cd\u53d1\u5c55\u53ef\u80fd\u3002\u6b27\u6d32\u516c\u53f8\u4e5f\u6e34\u671b\u8fdb\u5165\u5e76\u5f00\u62d3\u4e2d\u56fd\u5e02\u573a\u3002 \u4e3a\u6b64\uff0c\u96c6\u56e2\u63d0\u4f9b360\u5ea6\u5168\u8986\u76d6\u4f01\u4e1a\u5e76\u8d2d\u670d\u52a1\u6765\u5e2e\u52a9\u4f01\u4e1a\u5b9e\u73b0\u8de8\u5883\u5408\u4f5c\u3002  Es por ello que nuestra divisi\u00f3n y servicios de M&A, incluye la prestaci\u00f3n de servicios integrados que facilitan una cobertura de 360 grados sobre potenciales operaciones tanto de asociaci\u00f3n como de adquisici\u00f3n de empresas multisectoriales en Espa\u00f1a, Europa y en China.","og_url":"https:\/\/www.puentechina.com\/home\/fusiones-y-adquisiciones\/?lang=zh-hans","og_site_name":"Puentechina","article_modified_time":"2024-02-15T09:53:03+00:00","twitter_card":"summary_large_image","schema":{"@context":"https:\/\/schema.org","@graph":[{"@type":"Organization","@id":"https:\/\/www.puentechina.com\/home\/#organization","name":"PUENTECHINA","url":"https:\/\/www.puentechina.com\/home\/","sameAs":[],"logo":{"@type":"ImageObject","@id":"https:\/\/www.puentechina.com\/home\/#logo","inLanguage":"zh-Hans","url":"https:\/\/www.puentechina.com\/wp-content\/uploads\/2019\/03\/LOGO-TRANSPARENTE.jpg","contentUrl":"https:\/\/www.puentechina.com\/wp-content\/uploads\/2019\/03\/LOGO-TRANSPARENTE.jpg","width":1600,"height":274,"caption":"PUENTECHINA"},"image":{"@id":"https:\/\/www.puentechina.com\/home\/#logo"}},{"@type":"WebSite","@id":"https:\/\/www.puentechina.com\/home\/#website","url":"https:\/\/www.puentechina.com\/home\/","name":"Puentechina","description":"","publisher":{"@id":"https:\/\/www.puentechina.com\/home\/#organization"},"potentialAction":[{"@type":"SearchAction","target":{"@type":"EntryPoint","urlTemplate":"https:\/\/www.puentechina.com\/home\/?s={search_term_string}"},"query-input":"required name=search_term_string"}],"inLanguage":"zh-Hans"},{"@type":"WebPage","@id":"https:\/\/www.puentechina.com\/home\/fusiones-y-adquisiciones\/?lang=zh-hans#webpage","url":"https:\/\/www.puentechina.com\/home\/fusiones-y-adquisiciones\/?lang=zh-hans","name":"\u4f01\u4e1a\u6536\u8d2d\u517c\u5e76 - Puentechina","isPartOf":{"@id":"https:\/\/www.puentechina.com\/home\/#website"},"datePublished":"2018-06-12T08:58:59+00:00","dateModified":"2024-02-15T09:53:03+00:00","breadcrumb":{"@id":"https:\/\/www.puentechina.com\/home\/fusiones-y-adquisiciones\/?lang=zh-hans#breadcrumb"},"inLanguage":"zh-Hans","potentialAction":[{"@type":"ReadAction","target":["https:\/\/www.puentechina.com\/home\/fusiones-y-adquisiciones\/?lang=zh-hans"]}]},{"@type":"BreadcrumbList","@id":"https:\/\/www.puentechina.com\/home\/fusiones-y-adquisiciones\/?lang=zh-hans#breadcrumb","itemListElement":[{"@type":"ListItem","position":1,"name":"Portada","item":"https:\/\/www.puentechina.com\/home\/home\/?lang=zh-hans"},{"@type":"ListItem","position":2,"name":"\u4f01\u4e1a\u6536\u8d2d\u517c\u5e76"}]}]}},"_links":{"self":[{"href":"https:\/\/www.puentechina.com\/home\/wp-json\/wp\/v2\/pages\/1893\/?lang=zh-hans"}],"collection":[{"href":"https:\/\/www.puentechina.com\/home\/wp-json\/wp\/v2\/pages\/?lang=zh-hans"}],"about":[{"href":"https:\/\/www.puentechina.com\/home\/wp-json\/wp\/v2\/types\/page\/?lang=zh-hans"}],"author":[{"embeddable":true,"href":"https:\/\/www.puentechina.com\/home\/wp-json\/wp\/v2\/users\/1\/?lang=zh-hans"}],"replies":[{"embeddable":true,"href":"https:\/\/www.puentechina.com\/home\/wp-json\/wp\/v2\/comments\/?lang=zh-hans&post=1893"}],"version-history":[{"count":1,"href":"https:\/\/www.puentechina.com\/home\/wp-json\/wp\/v2\/pages\/1893\/revisions\/?lang=zh-hans"}],"predecessor-version":[{"id":4638,"href":"https:\/\/www.puentechina.com\/home\/wp-json\/wp\/v2\/pages\/1893\/revisions\/4638\/?lang=zh-hans"}],"wp:attachment":[{"href":"https:\/\/www.puentechina.com\/home\/wp-json\/wp\/v2\/media\/?lang=zh-hans&parent=1893"}],"curies":[{"name":"wp","href":"https:\/\/api.w.org\/{rel}","templated":true}]}}