{"id":1914,"date":"2018-06-12T09:00:15","date_gmt":"2018-06-12T09:00:15","guid":{"rendered":"http:\/\/www.puentechina.com\/relaciones-institucionales\/"},"modified":"2024-02-15T09:52:45","modified_gmt":"2024-02-15T09:52:45","slug":"relaciones-institucionales","status":"publish","type":"page","link":"https:\/\/www.puentechina.com\/home\/relaciones-institucionales\/?lang=en","title":{"rendered":"Institutional relations"},"content":{"rendered":"<p>[vc_row][vc_column offset=&#8221;vc_hidden-xs&#8221;][vc_basic_grid post_type=&#8221;post&#8221; max_items=&#8221;10&#8243; style=&#8221;pagination&#8221; items_per_page=&#8221;3&#8243; arrows_design=&#8221;vc_arrow-icon-arrow_01_left&#8221; arrows_position=&#8221;outside&#8221; arrows_color=&#8221;black&#8221; paging_design=&#8221;pagination_default&#8221; paging_color=&#8221;black&#8221; item=&#8221;1475&#8243; grid_id=&#8221;vc_gid:1537199194044-da383f62-91fc-5&#8243; taxonomies=&#8221;10&#8243;][\/vc_column][\/vc_row][vc_row][vc_column offset=&#8221;vc_hidden-lg vc_hidden-md vc_hidden-sm&#8221;][vc_basic_grid post_type=&#8221;post&#8221; max_items=&#8221;10&#8243; style=&#8221;pagination&#8221; items_per_page=&#8221;1&#8243; arrows_design=&#8221;vc_arrow-icon-arrow_01_left&#8221; arrows_position=&#8221;outside&#8221; arrows_color=&#8221;black&#8221; paging_color=&#8221;black&#8221; item=&#8221;1475&#8243; grid_id=&#8221;vc_gid:1537199194046-226baeea-08e6-9&#8243; taxonomies=&#8221;10&#8243;][\/vc_column][\/vc_row]<\/p>\n","protected":false},"excerpt":{"rendered":"<p>Una relaci\u00f3n forjada durante 20 a\u00f1os, fruto de las reuniones, contactos y compromisos desarrollados con las diversas administraciones gubernamentales y municipales en China y Espa\u00f1a. Desde PUENTECHINA se ha facilitado el intercambio y cooperaci\u00f3n cultural, econ\u00f3mica y social para el desarrollo de las relaciones y cooperaci\u00f3n entre ambos pa\u00edses.<\/p>\n<p>PUENTECHINA ha contribuido y ha resultado clave, para que Barcelona y diversas ciudades chinas acordaran diversos acuerdos de colaboraci\u00f3n, para el desarrollo de pol\u00edticas conjuntas en el \u00e1mbito econ\u00f3mico, socio-cultural y tur\u00edstico. Como colaborador oficial del ICEX y Delegado en China del Consorcio de la Zona Franca de Barcelona, PUENTECHINA siempre se ha comprometido con el intercambio y la cooperaci\u00f3n entre China y Espa\u00f1a en diversos \u00e1mbitos de sus respectivas administraciones.<\/p>\n","protected":false},"author":1,"featured_media":0,"parent":0,"menu_order":0,"comment_status":"closed","ping_status":"closed","template":"","meta":{"footnotes":""},"yoast_head":"<!-- This site is optimized with the Yoast SEO plugin v17.5 - https:\/\/yoast.com\/wordpress\/plugins\/seo\/ -->\n<title>Institutional relations - Puentechina<\/title>\n<meta name=\"robots\" content=\"index, follow, max-snippet:-1, max-image-preview:large, max-video-preview:-1\" \/>\n<link rel=\"canonical\" href=\"https:\/\/www.puentechina.com\/home\/relaciones-institucionales\/?lang=en\" \/>\n<meta property=\"og:locale\" content=\"en_US\" \/>\n<meta property=\"og:type\" content=\"article\" \/>\n<meta property=\"og:title\" content=\"Institutional relations - Puentechina\" \/>\n<meta property=\"og:description\" content=\"Una relaci\u00f3n forjada durante 20 a\u00f1os, fruto de las reuniones, contactos y compromisos desarrollados con las diversas administraciones gubernamentales y municipales en China y Espa\u00f1a. Desde PUENTECHINA se ha facilitado el intercambio y cooperaci\u00f3n cultural, econ\u00f3mica y social para el desarrollo de las relaciones y cooperaci\u00f3n entre ambos pa\u00edses.  PUENTECHINA ha contribuido y ha resultado clave, para que Barcelona y diversas ciudades chinas acordaran diversos acuerdos de colaboraci\u00f3n, para el desarrollo de pol\u00edticas conjuntas en el \u00e1mbito econ\u00f3mico, socio-cultural y tur\u00edstico. Como colaborador oficial del ICEX y Delegado en China del Consorcio de la Zona Franca de Barcelona, PUENTECHINA siempre se ha comprometido con el intercambio y la cooperaci\u00f3n entre China y Espa\u00f1a en diversos \u00e1mbitos de sus respectivas administraciones.\" \/>\n<meta property=\"og:url\" content=\"https:\/\/www.puentechina.com\/home\/relaciones-institucionales\/?lang=en\" \/>\n<meta property=\"og:site_name\" content=\"Puentechina\" \/>\n<meta property=\"article:modified_time\" content=\"2024-02-15T09:52:45+00:00\" \/>\n<meta name=\"twitter:card\" content=\"summary_large_image\" \/>\n<meta name=\"twitter:label1\" content=\"Est. reading time\" \/>\n\t<meta name=\"twitter:data1\" content=\"1 minute\" \/>\n<script type=\"application\/ld+json\" class=\"yoast-schema-graph\">{\"@context\":\"https:\/\/schema.org\",\"@graph\":[{\"@type\":\"Organization\",\"@id\":\"https:\/\/www.puentechina.com\/home\/#organization\",\"name\":\"PUENTECHINA\",\"url\":\"https:\/\/www.puentechina.com\/home\/\",\"sameAs\":[],\"logo\":{\"@type\":\"ImageObject\",\"@id\":\"https:\/\/www.puentechina.com\/home\/#logo\",\"inLanguage\":\"en-US\",\"url\":\"https:\/\/www.puentechina.com\/wp-content\/uploads\/2019\/03\/LOGO-TRANSPARENTE.jpg\",\"contentUrl\":\"https:\/\/www.puentechina.com\/wp-content\/uploads\/2019\/03\/LOGO-TRANSPARENTE.jpg\",\"width\":1600,\"height\":274,\"caption\":\"PUENTECHINA\"},\"image\":{\"@id\":\"https:\/\/www.puentechina.com\/home\/#logo\"}},{\"@type\":\"WebSite\",\"@id\":\"https:\/\/www.puentechina.com\/home\/#website\",\"url\":\"https:\/\/www.puentechina.com\/home\/\",\"name\":\"Puentechina\",\"description\":\"\",\"publisher\":{\"@id\":\"https:\/\/www.puentechina.com\/home\/#organization\"},\"potentialAction\":[{\"@type\":\"SearchAction\",\"target\":{\"@type\":\"EntryPoint\",\"urlTemplate\":\"https:\/\/www.puentechina.com\/home\/?s={search_term_string}\"},\"query-input\":\"required name=search_term_string\"}],\"inLanguage\":\"en-US\"},{\"@type\":\"WebPage\",\"@id\":\"https:\/\/www.puentechina.com\/home\/relaciones-institucionales\/?lang=en#webpage\",\"url\":\"https:\/\/www.puentechina.com\/home\/relaciones-institucionales\/?lang=en\",\"name\":\"Institutional relations - Puentechina\",\"isPartOf\":{\"@id\":\"https:\/\/www.puentechina.com\/home\/#website\"},\"datePublished\":\"2018-06-12T09:00:15+00:00\",\"dateModified\":\"2024-02-15T09:52:45+00:00\",\"breadcrumb\":{\"@id\":\"https:\/\/www.puentechina.com\/home\/relaciones-institucionales\/?lang=en#breadcrumb\"},\"inLanguage\":\"en-US\",\"potentialAction\":[{\"@type\":\"ReadAction\",\"target\":[\"https:\/\/www.puentechina.com\/home\/relaciones-institucionales\/?lang=en\"]}]},{\"@type\":\"BreadcrumbList\",\"@id\":\"https:\/\/www.puentechina.com\/home\/relaciones-institucionales\/?lang=en#breadcrumb\",\"itemListElement\":[{\"@type\":\"ListItem\",\"position\":1,\"name\":\"Portada\",\"item\":\"https:\/\/www.puentechina.com\/home\/home\/?lang=en\"},{\"@type\":\"ListItem\",\"position\":2,\"name\":\"Institutional relations\"}]}]}<\/script>\n<!-- \/ Yoast SEO plugin. -->","yoast_head_json":{"title":"Institutional relations - Puentechina","robots":{"index":"index","follow":"follow","max-snippet":"max-snippet:-1","max-image-preview":"max-image-preview:large","max-video-preview":"max-video-preview:-1"},"canonical":"https:\/\/www.puentechina.com\/home\/relaciones-institucionales\/?lang=en","og_locale":"en_US","og_type":"article","og_title":"Institutional relations - Puentechina","og_description":"Una relaci\u00f3n forjada durante 20 a\u00f1os, fruto de las reuniones, contactos y compromisos desarrollados con las diversas administraciones gubernamentales y municipales en China y Espa\u00f1a. Desde PUENTECHINA se ha facilitado el intercambio y cooperaci\u00f3n cultural, econ\u00f3mica y social para el desarrollo de las relaciones y cooperaci\u00f3n entre ambos pa\u00edses.  PUENTECHINA ha contribuido y ha resultado clave, para que Barcelona y diversas ciudades chinas acordaran diversos acuerdos de colaboraci\u00f3n, para el desarrollo de pol\u00edticas conjuntas en el \u00e1mbito econ\u00f3mico, socio-cultural y tur\u00edstico. Como colaborador oficial del ICEX y Delegado en China del Consorcio de la Zona Franca de Barcelona, PUENTECHINA siempre se ha comprometido con el intercambio y la cooperaci\u00f3n entre China y Espa\u00f1a en diversos \u00e1mbitos de sus respectivas administraciones.","og_url":"https:\/\/www.puentechina.com\/home\/relaciones-institucionales\/?lang=en","og_site_name":"Puentechina","article_modified_time":"2024-02-15T09:52:45+00:00","twitter_card":"summary_large_image","twitter_misc":{"Est. reading time":"1 minute"},"schema":{"@context":"https:\/\/schema.org","@graph":[{"@type":"Organization","@id":"https:\/\/www.puentechina.com\/home\/#organization","name":"PUENTECHINA","url":"https:\/\/www.puentechina.com\/home\/","sameAs":[],"logo":{"@type":"ImageObject","@id":"https:\/\/www.puentechina.com\/home\/#logo","inLanguage":"en-US","url":"https:\/\/www.puentechina.com\/wp-content\/uploads\/2019\/03\/LOGO-TRANSPARENTE.jpg","contentUrl":"https:\/\/www.puentechina.com\/wp-content\/uploads\/2019\/03\/LOGO-TRANSPARENTE.jpg","width":1600,"height":274,"caption":"PUENTECHINA"},"image":{"@id":"https:\/\/www.puentechina.com\/home\/#logo"}},{"@type":"WebSite","@id":"https:\/\/www.puentechina.com\/home\/#website","url":"https:\/\/www.puentechina.com\/home\/","name":"Puentechina","description":"","publisher":{"@id":"https:\/\/www.puentechina.com\/home\/#organization"},"potentialAction":[{"@type":"SearchAction","target":{"@type":"EntryPoint","urlTemplate":"https:\/\/www.puentechina.com\/home\/?s={search_term_string}"},"query-input":"required name=search_term_string"}],"inLanguage":"en-US"},{"@type":"WebPage","@id":"https:\/\/www.puentechina.com\/home\/relaciones-institucionales\/?lang=en#webpage","url":"https:\/\/www.puentechina.com\/home\/relaciones-institucionales\/?lang=en","name":"Institutional relations - Puentechina","isPartOf":{"@id":"https:\/\/www.puentechina.com\/home\/#website"},"datePublished":"2018-06-12T09:00:15+00:00","dateModified":"2024-02-15T09:52:45+00:00","breadcrumb":{"@id":"https:\/\/www.puentechina.com\/home\/relaciones-institucionales\/?lang=en#breadcrumb"},"inLanguage":"en-US","potentialAction":[{"@type":"ReadAction","target":["https:\/\/www.puentechina.com\/home\/relaciones-institucionales\/?lang=en"]}]},{"@type":"BreadcrumbList","@id":"https:\/\/www.puentechina.com\/home\/relaciones-institucionales\/?lang=en#breadcrumb","itemListElement":[{"@type":"ListItem","position":1,"name":"Portada","item":"https:\/\/www.puentechina.com\/home\/home\/?lang=en"},{"@type":"ListItem","position":2,"name":"Institutional relations"}]}]}},"_links":{"self":[{"href":"https:\/\/www.puentechina.com\/home\/wp-json\/wp\/v2\/pages\/1914\/?lang=en"}],"collection":[{"href":"https:\/\/www.puentechina.com\/home\/wp-json\/wp\/v2\/pages\/?lang=en"}],"about":[{"href":"https:\/\/www.puentechina.com\/home\/wp-json\/wp\/v2\/types\/page\/?lang=en"}],"author":[{"embeddable":true,"href":"https:\/\/www.puentechina.com\/home\/wp-json\/wp\/v2\/users\/1\/?lang=en"}],"replies":[{"embeddable":true,"href":"https:\/\/www.puentechina.com\/home\/wp-json\/wp\/v2\/comments\/?lang=en&post=1914"}],"version-history":[{"count":1,"href":"https:\/\/www.puentechina.com\/home\/wp-json\/wp\/v2\/pages\/1914\/revisions\/?lang=en"}],"predecessor-version":[{"id":4639,"href":"https:\/\/www.puentechina.com\/home\/wp-json\/wp\/v2\/pages\/1914\/revisions\/4639\/?lang=en"}],"wp:attachment":[{"href":"https:\/\/www.puentechina.com\/home\/wp-json\/wp\/v2\/media\/?lang=en&parent=1914"}],"curies":[{"name":"wp","href":"https:\/\/api.w.org\/{rel}","templated":true}]}}