{"id":2027,"date":"2018-06-12T08:59:56","date_gmt":"2018-06-12T08:59:56","guid":{"rendered":"http:\/\/www.puentechina.com\/inversion-y-gestion-inmobiliaria\/"},"modified":"2024-02-15T09:52:44","modified_gmt":"2024-02-15T09:52:44","slug":"inversion-y-gestion-inmobiliaria","status":"publish","type":"page","link":"https:\/\/www.puentechina.com\/home\/inversion-y-gestion-inmobiliaria\/?lang=zh-hans","title":{"rendered":"\u623f\u5730\u4ea7\u6295\u8d44\u4e0e\u7ba1\u7406"},"content":{"rendered":"<div class=\"promo_wraper\">\n<div class=\"promo_container container1\">\n<div class=\"promo_element red_china\">\n<div class=\"promo_number\">01<\/div>\n<div class=\"promo_icon\"><\/div>\n<div class=\"promo_title\">\u9879\u76ee\u4f4d\u7f6e<\/div>\n<div class=\"promo_text\">\u5206\u6790\u4e0e\u9009\u62e9\u623f\u5730\u4ea7\u9879\u76ee\u4f4d\u7f6e<\/div>\n<\/div>\n<div class=\"promo_element dark_china\">\n<div class=\"promo_number\">02<\/div>\n<div class=\"promo_icon\"><\/div>\n<div class=\"promo_title\">\u53ef\u5efa\u9020\u6027<\/div>\n<div class=\"promo_text\">\u5bf9\u5730\u5757\u8fdb\u884c\u8d28\u91cf\u68c0\u67e5\u53ca\u53ef\u5efa\u9020\u6027\u7814\u7a76<\/div>\n<\/div>\n<div class=\"promo_element red_china\">\n<div class=\"promo_number\">03<\/div>\n<div class=\"promo_icon\"><\/div>\n<div class=\"promo_title\">\u9879\u76ee\u7c7b\u578b<\/div>\n<div class=\"promo_text\">\u7efc\u5408\u8003\u91cf\u540e\u9009\u62e9\u6700\u9002\u5408\u8be5\u5730\u5757\u7684\u623f\u5730\u4ea7\u9879\u76ee\u7c7b\u578b<\/div>\n<\/div>\n<\/div>\n<div class=\"promo_container container2\">\n<div class=\"promo_element dark_china\">\n<div class=\"promo_number\">04<\/div>\n<div class=\"promo_icon\"><\/div>\n<div class=\"promo_title\">\u8d44\u91d1\u7ed3\u6784<\/div>\n<div class=\"promo_text\">\u5206\u6790\u4e0e\u9009\u62e9\u9879\u76ee\u878d\u8d44\u65b9\u5f0f\u53ca\u8d44\u91d1\u7ed3\u6784<\/div>\n<\/div>\n<div class=\"promo_element red_china\">\n<div class=\"promo_number\">05<\/div>\n<div class=\"promo_icon\"><\/div>\n<div class=\"promo_title\">\u5efa\u7b51\u8bbe\u8ba1<\/div>\n<div class=\"promo_text\">\u8fdb\u884c\u5efa\u7b51\u8bbe\u8ba1\u5e76\u53d6\u5f97\u8bb8\u53ef\u6279\u6587<\/div>\n<\/div>\n<div class=\"promo_element dark_china\">\n<div class=\"promo_number\">06<\/div>\n<div class=\"promo_icon\"><\/div>\n<div class=\"promo_title\">\u5236\u5b9a\u6807\u51c6<\/div>\n<div class=\"promo_text\">\u5236\u5b9a\u8d28\u91cf\u6807\u51c6\uff0c\u5185\u90e8\u670d\u52a1\u6807\u51c6\u3001\u8d39\u7528\u6807\u51c6\u4ee5\u53ca\u7ef4\u62a4\u6807\u51c6<\/div>\n<\/div>\n<\/div>\n<div class=\"promo_container container3\">\n<div class=\"promo_element red_china\">\n<div class=\"promo_number\">07<\/div>\n<div class=\"promo_icon\"><\/div>\n<div class=\"promo_title\">\u5236\u5b9a\u7b56\u7565<\/div>\n<div class=\"promo_text\">\u5236\u5b9a\u8425\u9500\u53ca\u9500\u552e\u7b56\u7565\uff0c\u786e\u5b9a\u76ee\u6807\u5ba2\u6237\u4eba\u7fa4\uff0c\u552e\u4ef7\u4ee5\u53ca\u5ba2\u6237\u652f\u4ed8\u65b9\u5f0f\u76f8\u5173\u95ee\u9898<\/div>\n<\/div>\n<div class=\"promo_element dark_china\">\n<div class=\"promo_number\">08<\/div>\n<div class=\"promo_icon\"><\/div>\n<div class=\"promo_title\">\u5de5\u7a0b\u5efa\u7b51<\/div>\n<div class=\"promo_text\">\u8058\u8bf7\u5efa\u7b51\u516c\u53f8\u5f00\u59cb\u5de5\u7a0b\u5efa\u7b51<\/div>\n<\/div>\n<div class=\"promo_element red_china\">\n<div class=\"promo_number\">09<\/div>\n<div class=\"promo_icon\"><\/div>\n<div class=\"promo_title\">\u8ddf\u8fdb\u8fdb\u5ea6<\/div>\n<div class=\"promo_text\">\u8ddf\u8fdb\u5de5\u7a0b\u8fdb\u5ea6\uff0c\u5bf9\u9884\u7b97\uff0c\u8fdb\u5ea6\u53ca\u8d28\u91cf\u8fdb\u884c\u6574\u4f53\u800c\u7cfb\u7edf\u7684\u63a7\u5236<\/div>\n<\/div>\n<div class=\"promo_element dark_china\">\n<div class=\"promo_number\">10<\/div>\n<div class=\"promo_icon\"><\/div>\n<div class=\"promo_title\">\u6295\u5165\u5e02\u573a<\/div>\n<div class=\"promo_text\">\u5c06\u9879\u76ee\u6295\u5165\u5e02\u573a\u8fdb\u884c\u51fa\u552e\u6216\u51fa\u79df\u3002\u5b8c\u6210\u4ea4\u623f\u624b\u7eed\u5e76\u4ea4\u4ed8\u4f7f\u7528<\/div>\n<\/div>\n<\/div>\n<\/div>\n","protected":false},"excerpt":{"rendered":"<p>Lo que nos permite obtener una diagnosis previa y visi\u00f3n cr\u00edtica sobre el proyecto reduciendo, con ello, los \u00edndices de riesgo en la toma de decisiones de inversi\u00f3n o implantaci\u00f3n en el mercado seleccionado.<\/p>\n<p>En PUENTECHINA ofrecemos asesoramiento y oportunidades de inversi\u00f3n y coinversi\u00f3n en todos los \u00e1mbitos del sector inmobiliario as\u00ed como la gesti\u00f3n profesional y personalizada de los diferentes proyectos.<\/p>\n<p>Asimismo, tambi\u00e9n disponemos de un amplio abanico de servicios de gesti\u00f3n de inmuebles, que incluyen desde la promoci\u00f3n, construcci\u00f3n y venta de bienes inmuebles hasta la gesti\u00f3n econ\u00f3mica, jur\u00eddica y administrativa de los mismos con la colaboraci\u00f3n del despacho jur\u00eddico asociado Qimeng Global.<\/p>\n","protected":false},"author":1,"featured_media":0,"parent":0,"menu_order":0,"comment_status":"closed","ping_status":"closed","template":"","meta":{"footnotes":""},"yoast_head":"<!-- This site is optimized with the Yoast SEO plugin v17.5 - https:\/\/yoast.com\/wordpress\/plugins\/seo\/ -->\n<title>\u623f\u5730\u4ea7\u6295\u8d44\u4e0e\u7ba1\u7406 - Puentechina<\/title>\n<meta name=\"robots\" content=\"index, follow, max-snippet:-1, max-image-preview:large, max-video-preview:-1\" \/>\n<link rel=\"canonical\" href=\"https:\/\/www.puentechina.com\/home\/inversion-y-gestion-inmobiliaria\/?lang=zh-hans\" \/>\n<meta property=\"og:locale\" content=\"zh_CN\" \/>\n<meta property=\"og:type\" content=\"article\" \/>\n<meta property=\"og:title\" content=\"\u623f\u5730\u4ea7\u6295\u8d44\u4e0e\u7ba1\u7406 - Puentechina\" \/>\n<meta property=\"og:description\" content=\"Lo que nos permite obtener una diagnosis previa y visi\u00f3n cr\u00edtica sobre el proyecto reduciendo, con ello, los \u00edndices de riesgo en la toma de decisiones de inversi\u00f3n o implantaci\u00f3n en el mercado seleccionado.  En PUENTECHINA ofrecemos asesoramiento y oportunidades de inversi\u00f3n y coinversi\u00f3n en todos los \u00e1mbitos del sector inmobiliario as\u00ed como la gesti\u00f3n profesional y personalizada de los diferentes proyectos.  Asimismo, tambi\u00e9n disponemos de un amplio abanico de servicios de gesti\u00f3n de inmuebles, que incluyen desde la promoci\u00f3n, construcci\u00f3n y venta de bienes inmuebles hasta la gesti\u00f3n econ\u00f3mica, jur\u00eddica y administrativa de los mismos con la colaboraci\u00f3n del despacho jur\u00eddico asociado Qimeng Global.\" \/>\n<meta property=\"og:url\" content=\"https:\/\/www.puentechina.com\/home\/inversion-y-gestion-inmobiliaria\/?lang=zh-hans\" \/>\n<meta property=\"og:site_name\" content=\"Puentechina\" \/>\n<meta property=\"article:modified_time\" content=\"2024-02-15T09:52:44+00:00\" \/>\n<meta name=\"twitter:card\" content=\"summary_large_image\" \/>\n<script type=\"application\/ld+json\" class=\"yoast-schema-graph\">{\"@context\":\"https:\/\/schema.org\",\"@graph\":[{\"@type\":\"Organization\",\"@id\":\"https:\/\/www.puentechina.com\/home\/#organization\",\"name\":\"PUENTECHINA\",\"url\":\"https:\/\/www.puentechina.com\/home\/\",\"sameAs\":[],\"logo\":{\"@type\":\"ImageObject\",\"@id\":\"https:\/\/www.puentechina.com\/home\/#logo\",\"inLanguage\":\"zh-Hans\",\"url\":\"https:\/\/www.puentechina.com\/wp-content\/uploads\/2019\/03\/LOGO-TRANSPARENTE.jpg\",\"contentUrl\":\"https:\/\/www.puentechina.com\/wp-content\/uploads\/2019\/03\/LOGO-TRANSPARENTE.jpg\",\"width\":1600,\"height\":274,\"caption\":\"PUENTECHINA\"},\"image\":{\"@id\":\"https:\/\/www.puentechina.com\/home\/#logo\"}},{\"@type\":\"WebSite\",\"@id\":\"https:\/\/www.puentechina.com\/home\/#website\",\"url\":\"https:\/\/www.puentechina.com\/home\/\",\"name\":\"Puentechina\",\"description\":\"\",\"publisher\":{\"@id\":\"https:\/\/www.puentechina.com\/home\/#organization\"},\"potentialAction\":[{\"@type\":\"SearchAction\",\"target\":{\"@type\":\"EntryPoint\",\"urlTemplate\":\"https:\/\/www.puentechina.com\/home\/?s={search_term_string}\"},\"query-input\":\"required name=search_term_string\"}],\"inLanguage\":\"zh-Hans\"},{\"@type\":\"WebPage\",\"@id\":\"https:\/\/www.puentechina.com\/home\/inversion-y-gestion-inmobiliaria\/?lang=zh-hans#webpage\",\"url\":\"https:\/\/www.puentechina.com\/home\/inversion-y-gestion-inmobiliaria\/?lang=zh-hans\",\"name\":\"\\u623f\\u5730\\u4ea7\\u6295\\u8d44\\u4e0e\\u7ba1\\u7406 - Puentechina\",\"isPartOf\":{\"@id\":\"https:\/\/www.puentechina.com\/home\/#website\"},\"datePublished\":\"2018-06-12T08:59:56+00:00\",\"dateModified\":\"2024-02-15T09:52:44+00:00\",\"breadcrumb\":{\"@id\":\"https:\/\/www.puentechina.com\/home\/inversion-y-gestion-inmobiliaria\/?lang=zh-hans#breadcrumb\"},\"inLanguage\":\"zh-Hans\",\"potentialAction\":[{\"@type\":\"ReadAction\",\"target\":[\"https:\/\/www.puentechina.com\/home\/inversion-y-gestion-inmobiliaria\/?lang=zh-hans\"]}]},{\"@type\":\"BreadcrumbList\",\"@id\":\"https:\/\/www.puentechina.com\/home\/inversion-y-gestion-inmobiliaria\/?lang=zh-hans#breadcrumb\",\"itemListElement\":[{\"@type\":\"ListItem\",\"position\":1,\"name\":\"Portada\",\"item\":\"https:\/\/www.puentechina.com\/home\/home\/?lang=zh-hans\"},{\"@type\":\"ListItem\",\"position\":2,\"name\":\"\\u623f\\u5730\\u4ea7\\u6295\\u8d44\\u4e0e\\u7ba1\\u7406\"}]}]}<\/script>\n<!-- \/ Yoast SEO plugin. -->","yoast_head_json":{"title":"\u623f\u5730\u4ea7\u6295\u8d44\u4e0e\u7ba1\u7406 - Puentechina","robots":{"index":"index","follow":"follow","max-snippet":"max-snippet:-1","max-image-preview":"max-image-preview:large","max-video-preview":"max-video-preview:-1"},"canonical":"https:\/\/www.puentechina.com\/home\/inversion-y-gestion-inmobiliaria\/?lang=zh-hans","og_locale":"zh_CN","og_type":"article","og_title":"\u623f\u5730\u4ea7\u6295\u8d44\u4e0e\u7ba1\u7406 - Puentechina","og_description":"Lo que nos permite obtener una diagnosis previa y visi\u00f3n cr\u00edtica sobre el proyecto reduciendo, con ello, los \u00edndices de riesgo en la toma de decisiones de inversi\u00f3n o implantaci\u00f3n en el mercado seleccionado.  En PUENTECHINA ofrecemos asesoramiento y oportunidades de inversi\u00f3n y coinversi\u00f3n en todos los \u00e1mbitos del sector inmobiliario as\u00ed como la gesti\u00f3n profesional y personalizada de los diferentes proyectos.  Asimismo, tambi\u00e9n disponemos de un amplio abanico de servicios de gesti\u00f3n de inmuebles, que incluyen desde la promoci\u00f3n, construcci\u00f3n y venta de bienes inmuebles hasta la gesti\u00f3n econ\u00f3mica, jur\u00eddica y administrativa de los mismos con la colaboraci\u00f3n del despacho jur\u00eddico asociado Qimeng Global.","og_url":"https:\/\/www.puentechina.com\/home\/inversion-y-gestion-inmobiliaria\/?lang=zh-hans","og_site_name":"Puentechina","article_modified_time":"2024-02-15T09:52:44+00:00","twitter_card":"summary_large_image","schema":{"@context":"https:\/\/schema.org","@graph":[{"@type":"Organization","@id":"https:\/\/www.puentechina.com\/home\/#organization","name":"PUENTECHINA","url":"https:\/\/www.puentechina.com\/home\/","sameAs":[],"logo":{"@type":"ImageObject","@id":"https:\/\/www.puentechina.com\/home\/#logo","inLanguage":"zh-Hans","url":"https:\/\/www.puentechina.com\/wp-content\/uploads\/2019\/03\/LOGO-TRANSPARENTE.jpg","contentUrl":"https:\/\/www.puentechina.com\/wp-content\/uploads\/2019\/03\/LOGO-TRANSPARENTE.jpg","width":1600,"height":274,"caption":"PUENTECHINA"},"image":{"@id":"https:\/\/www.puentechina.com\/home\/#logo"}},{"@type":"WebSite","@id":"https:\/\/www.puentechina.com\/home\/#website","url":"https:\/\/www.puentechina.com\/home\/","name":"Puentechina","description":"","publisher":{"@id":"https:\/\/www.puentechina.com\/home\/#organization"},"potentialAction":[{"@type":"SearchAction","target":{"@type":"EntryPoint","urlTemplate":"https:\/\/www.puentechina.com\/home\/?s={search_term_string}"},"query-input":"required name=search_term_string"}],"inLanguage":"zh-Hans"},{"@type":"WebPage","@id":"https:\/\/www.puentechina.com\/home\/inversion-y-gestion-inmobiliaria\/?lang=zh-hans#webpage","url":"https:\/\/www.puentechina.com\/home\/inversion-y-gestion-inmobiliaria\/?lang=zh-hans","name":"\u623f\u5730\u4ea7\u6295\u8d44\u4e0e\u7ba1\u7406 - Puentechina","isPartOf":{"@id":"https:\/\/www.puentechina.com\/home\/#website"},"datePublished":"2018-06-12T08:59:56+00:00","dateModified":"2024-02-15T09:52:44+00:00","breadcrumb":{"@id":"https:\/\/www.puentechina.com\/home\/inversion-y-gestion-inmobiliaria\/?lang=zh-hans#breadcrumb"},"inLanguage":"zh-Hans","potentialAction":[{"@type":"ReadAction","target":["https:\/\/www.puentechina.com\/home\/inversion-y-gestion-inmobiliaria\/?lang=zh-hans"]}]},{"@type":"BreadcrumbList","@id":"https:\/\/www.puentechina.com\/home\/inversion-y-gestion-inmobiliaria\/?lang=zh-hans#breadcrumb","itemListElement":[{"@type":"ListItem","position":1,"name":"Portada","item":"https:\/\/www.puentechina.com\/home\/home\/?lang=zh-hans"},{"@type":"ListItem","position":2,"name":"\u623f\u5730\u4ea7\u6295\u8d44\u4e0e\u7ba1\u7406"}]}]}},"_links":{"self":[{"href":"https:\/\/www.puentechina.com\/home\/wp-json\/wp\/v2\/pages\/2027\/?lang=zh-hans"}],"collection":[{"href":"https:\/\/www.puentechina.com\/home\/wp-json\/wp\/v2\/pages\/?lang=zh-hans"}],"about":[{"href":"https:\/\/www.puentechina.com\/home\/wp-json\/wp\/v2\/types\/page\/?lang=zh-hans"}],"author":[{"embeddable":true,"href":"https:\/\/www.puentechina.com\/home\/wp-json\/wp\/v2\/users\/1\/?lang=zh-hans"}],"replies":[{"embeddable":true,"href":"https:\/\/www.puentechina.com\/home\/wp-json\/wp\/v2\/comments\/?lang=zh-hans&post=2027"}],"version-history":[{"count":1,"href":"https:\/\/www.puentechina.com\/home\/wp-json\/wp\/v2\/pages\/2027\/revisions\/?lang=zh-hans"}],"predecessor-version":[{"id":4663,"href":"https:\/\/www.puentechina.com\/home\/wp-json\/wp\/v2\/pages\/2027\/revisions\/4663\/?lang=zh-hans"}],"wp:attachment":[{"href":"https:\/\/www.puentechina.com\/home\/wp-json\/wp\/v2\/media\/?lang=zh-hans&parent=2027"}],"curies":[{"name":"wp","href":"https:\/\/api.w.org\/{rel}","templated":true}]}}