{"id":2029,"date":"2018-06-12T08:59:56","date_gmt":"2018-06-12T08:59:56","guid":{"rendered":"http:\/\/www.puentechina.com\/inversion-y-gestion-inmobiliaria\/"},"modified":"2024-02-15T09:52:46","modified_gmt":"2024-02-15T09:52:46","slug":"inversion-y-gestion-inmobiliaria","status":"publish","type":"page","link":"https:\/\/www.puentechina.com\/home\/inversion-y-gestion-inmobiliaria\/?lang=en","title":{"rendered":"Investment and property management"},"content":{"rendered":"<div class=\"promo_wraper\">\n<div class=\"promo_container container1\">\n<div class=\"promo_element red_china\">\n<div class=\"promo_number\">01<\/div>\n<div class=\"promo_icon\"><\/div>\n<div class=\"promo_title\">Analysis<\/div>\n<div class=\"promo_text\">and selection of a location<\/div>\n<\/div>\n<div class=\"promo_element dark_china\">\n<div class=\"promo_number\">02<\/div>\n<div class=\"promo_icon\"><\/div>\n<div class=\"promo_title\">Study<\/div>\n<div class=\"promo_text\">and Review of the zoning classification and construction suitability of the selected site.<\/div>\n<\/div>\n<div class=\"promo_element red_china\">\n<div class=\"promo_number\">03<\/div>\n<div class=\"promo_icon\"><\/div>\n<div class=\"promo_title\">Conception<\/div>\n<div class=\"promo_text\">of the most suitable type of product for the area, size, surface, estimated sale value, estimated cost of construction&#8230;<\/div>\n<\/div>\n<\/div>\n<div class=\"promo_container container2\">\n<div class=\"promo_element dark_china\">\n<div class=\"promo_number\">04<\/div>\n<div class=\"promo_icon\"><\/div>\n<div class=\"promo_title\">Study<\/div>\n<div class=\"promo_text\">of economic and financial viability, necessary resources, bank financing<\/div>\n<\/div>\n<div class=\"promo_element red_china\">\n<div class=\"promo_number\">05<\/div>\n<div class=\"promo_icon\"><\/div>\n<div class=\"promo_title\">Development<\/div>\n<div class=\"promo_text\">of the architectural project, management of licences and permits.<\/div>\n<\/div>\n<div class=\"promo_element dark_china\">\n<div class=\"promo_number\">06<\/div>\n<div class=\"promo_icon\"><\/div>\n<div class=\"promo_title\">Definition<\/div>\n<div class=\"promo_text\">of qualities, level of internal services, cost and maintenance.<\/div>\n<\/div>\n<\/div>\n<div class=\"promo_container container3\">\n<div class=\"promo_element red_china\">\n<div class=\"promo_number\">07<\/div>\n<div class=\"promo_icon\"><\/div>\n<div class=\"promo_title\">Advertising<\/div>\n<div class=\"promo_text\">and marketing strategy, target group, prices, customer financing.<\/div>\n<\/div>\n<div class=\"promo_element dark_china\">\n<div class=\"promo_number\">08<\/div>\n<div class=\"promo_icon\"><\/div>\n<div class=\"promo_title\">Contracting<\/div>\n<div class=\"promo_text\">of construction works<\/div>\n<\/div>\n<div class=\"promo_element red_china\">\n<div class=\"promo_number\">09<\/div>\n<div class=\"promo_icon\"><\/div>\n<div class=\"promo_title\">Supervision<\/div>\n<div class=\"promo_text\">of works, budget, timing and quality<\/div>\n<\/div>\n<div class=\"promo_element dark_china\">\n<div class=\"promo_number\">10<\/div>\n<div class=\"promo_icon\"><\/div>\n<div class=\"promo_title\">Marketing<\/div>\n<div class=\"promo_text\">process for sale or rent. Certification and delivery of the final product.<\/div>\n<\/div>\n<\/div>\n<\/div>\n","protected":false},"excerpt":{"rendered":"<p>Lo que nos permite obtener una diagnosis previa y visi\u00f3n cr\u00edtica sobre el proyecto reduciendo, con ello, los \u00edndices de riesgo en la toma de decisiones de inversi\u00f3n o implantaci\u00f3n en el mercado seleccionado.<\/p>\n<p>En PUENTECHINA ofrecemos asesoramiento y oportunidades de inversi\u00f3n y coinversi\u00f3n en todos los \u00e1mbitos del sector inmobiliario as\u00ed como la gesti\u00f3n profesional y personalizada de los diferentes proyectos.<\/p>\n<p>Asimismo, tambi\u00e9n disponemos de un amplio abanico de servicios de gesti\u00f3n de inmuebles, que incluyen desde la promoci\u00f3n, construcci\u00f3n y venta de bienes inmuebles hasta la gesti\u00f3n econ\u00f3mica, jur\u00eddica y administrativa de los mismos con la colaboraci\u00f3n del despacho jur\u00eddico asociado Qimeng Global.<\/p>\n","protected":false},"author":1,"featured_media":0,"parent":0,"menu_order":0,"comment_status":"closed","ping_status":"closed","template":"","meta":{"footnotes":""},"yoast_head":"<!-- This site is optimized with the Yoast SEO plugin v17.5 - https:\/\/yoast.com\/wordpress\/plugins\/seo\/ -->\n<title>Investment and property management - Puentechina<\/title>\n<meta name=\"robots\" content=\"index, follow, max-snippet:-1, max-image-preview:large, max-video-preview:-1\" \/>\n<link rel=\"canonical\" href=\"https:\/\/www.puentechina.com\/home\/inversion-y-gestion-inmobiliaria\/?lang=en\" \/>\n<meta property=\"og:locale\" content=\"en_US\" \/>\n<meta property=\"og:type\" content=\"article\" \/>\n<meta property=\"og:title\" content=\"Investment and property management - Puentechina\" \/>\n<meta property=\"og:description\" content=\"Lo que nos permite obtener una diagnosis previa y visi\u00f3n cr\u00edtica sobre el proyecto reduciendo, con ello, los \u00edndices de riesgo en la toma de decisiones de inversi\u00f3n o implantaci\u00f3n en el mercado seleccionado.  En PUENTECHINA ofrecemos asesoramiento y oportunidades de inversi\u00f3n y coinversi\u00f3n en todos los \u00e1mbitos del sector inmobiliario as\u00ed como la gesti\u00f3n profesional y personalizada de los diferentes proyectos.  Asimismo, tambi\u00e9n disponemos de un amplio abanico de servicios de gesti\u00f3n de inmuebles, que incluyen desde la promoci\u00f3n, construcci\u00f3n y venta de bienes inmuebles hasta la gesti\u00f3n econ\u00f3mica, jur\u00eddica y administrativa de los mismos con la colaboraci\u00f3n del despacho jur\u00eddico asociado Qimeng Global.\" \/>\n<meta property=\"og:url\" content=\"https:\/\/www.puentechina.com\/home\/inversion-y-gestion-inmobiliaria\/?lang=en\" \/>\n<meta property=\"og:site_name\" content=\"Puentechina\" \/>\n<meta property=\"article:modified_time\" content=\"2024-02-15T09:52:46+00:00\" \/>\n<meta name=\"twitter:card\" content=\"summary_large_image\" \/>\n<meta name=\"twitter:label1\" content=\"Est. reading time\" \/>\n\t<meta name=\"twitter:data1\" content=\"1 minute\" \/>\n<script type=\"application\/ld+json\" class=\"yoast-schema-graph\">{\"@context\":\"https:\/\/schema.org\",\"@graph\":[{\"@type\":\"Organization\",\"@id\":\"https:\/\/www.puentechina.com\/home\/#organization\",\"name\":\"PUENTECHINA\",\"url\":\"https:\/\/www.puentechina.com\/home\/\",\"sameAs\":[],\"logo\":{\"@type\":\"ImageObject\",\"@id\":\"https:\/\/www.puentechina.com\/home\/#logo\",\"inLanguage\":\"en-US\",\"url\":\"https:\/\/www.puentechina.com\/wp-content\/uploads\/2019\/03\/LOGO-TRANSPARENTE.jpg\",\"contentUrl\":\"https:\/\/www.puentechina.com\/wp-content\/uploads\/2019\/03\/LOGO-TRANSPARENTE.jpg\",\"width\":1600,\"height\":274,\"caption\":\"PUENTECHINA\"},\"image\":{\"@id\":\"https:\/\/www.puentechina.com\/home\/#logo\"}},{\"@type\":\"WebSite\",\"@id\":\"https:\/\/www.puentechina.com\/home\/#website\",\"url\":\"https:\/\/www.puentechina.com\/home\/\",\"name\":\"Puentechina\",\"description\":\"\",\"publisher\":{\"@id\":\"https:\/\/www.puentechina.com\/home\/#organization\"},\"potentialAction\":[{\"@type\":\"SearchAction\",\"target\":{\"@type\":\"EntryPoint\",\"urlTemplate\":\"https:\/\/www.puentechina.com\/home\/?s={search_term_string}\"},\"query-input\":\"required name=search_term_string\"}],\"inLanguage\":\"en-US\"},{\"@type\":\"WebPage\",\"@id\":\"https:\/\/www.puentechina.com\/home\/inversion-y-gestion-inmobiliaria\/?lang=en#webpage\",\"url\":\"https:\/\/www.puentechina.com\/home\/inversion-y-gestion-inmobiliaria\/?lang=en\",\"name\":\"Investment and property management - Puentechina\",\"isPartOf\":{\"@id\":\"https:\/\/www.puentechina.com\/home\/#website\"},\"datePublished\":\"2018-06-12T08:59:56+00:00\",\"dateModified\":\"2024-02-15T09:52:46+00:00\",\"breadcrumb\":{\"@id\":\"https:\/\/www.puentechina.com\/home\/inversion-y-gestion-inmobiliaria\/?lang=en#breadcrumb\"},\"inLanguage\":\"en-US\",\"potentialAction\":[{\"@type\":\"ReadAction\",\"target\":[\"https:\/\/www.puentechina.com\/home\/inversion-y-gestion-inmobiliaria\/?lang=en\"]}]},{\"@type\":\"BreadcrumbList\",\"@id\":\"https:\/\/www.puentechina.com\/home\/inversion-y-gestion-inmobiliaria\/?lang=en#breadcrumb\",\"itemListElement\":[{\"@type\":\"ListItem\",\"position\":1,\"name\":\"Portada\",\"item\":\"https:\/\/www.puentechina.com\/home\/home\/?lang=en\"},{\"@type\":\"ListItem\",\"position\":2,\"name\":\"Investment and property management\"}]}]}<\/script>\n<!-- \/ Yoast SEO plugin. -->","yoast_head_json":{"title":"Investment and property management - Puentechina","robots":{"index":"index","follow":"follow","max-snippet":"max-snippet:-1","max-image-preview":"max-image-preview:large","max-video-preview":"max-video-preview:-1"},"canonical":"https:\/\/www.puentechina.com\/home\/inversion-y-gestion-inmobiliaria\/?lang=en","og_locale":"en_US","og_type":"article","og_title":"Investment and property management - Puentechina","og_description":"Lo que nos permite obtener una diagnosis previa y visi\u00f3n cr\u00edtica sobre el proyecto reduciendo, con ello, los \u00edndices de riesgo en la toma de decisiones de inversi\u00f3n o implantaci\u00f3n en el mercado seleccionado.  En PUENTECHINA ofrecemos asesoramiento y oportunidades de inversi\u00f3n y coinversi\u00f3n en todos los \u00e1mbitos del sector inmobiliario as\u00ed como la gesti\u00f3n profesional y personalizada de los diferentes proyectos.  Asimismo, tambi\u00e9n disponemos de un amplio abanico de servicios de gesti\u00f3n de inmuebles, que incluyen desde la promoci\u00f3n, construcci\u00f3n y venta de bienes inmuebles hasta la gesti\u00f3n econ\u00f3mica, jur\u00eddica y administrativa de los mismos con la colaboraci\u00f3n del despacho jur\u00eddico asociado Qimeng Global.","og_url":"https:\/\/www.puentechina.com\/home\/inversion-y-gestion-inmobiliaria\/?lang=en","og_site_name":"Puentechina","article_modified_time":"2024-02-15T09:52:46+00:00","twitter_card":"summary_large_image","twitter_misc":{"Est. reading time":"1 minute"},"schema":{"@context":"https:\/\/schema.org","@graph":[{"@type":"Organization","@id":"https:\/\/www.puentechina.com\/home\/#organization","name":"PUENTECHINA","url":"https:\/\/www.puentechina.com\/home\/","sameAs":[],"logo":{"@type":"ImageObject","@id":"https:\/\/www.puentechina.com\/home\/#logo","inLanguage":"en-US","url":"https:\/\/www.puentechina.com\/wp-content\/uploads\/2019\/03\/LOGO-TRANSPARENTE.jpg","contentUrl":"https:\/\/www.puentechina.com\/wp-content\/uploads\/2019\/03\/LOGO-TRANSPARENTE.jpg","width":1600,"height":274,"caption":"PUENTECHINA"},"image":{"@id":"https:\/\/www.puentechina.com\/home\/#logo"}},{"@type":"WebSite","@id":"https:\/\/www.puentechina.com\/home\/#website","url":"https:\/\/www.puentechina.com\/home\/","name":"Puentechina","description":"","publisher":{"@id":"https:\/\/www.puentechina.com\/home\/#organization"},"potentialAction":[{"@type":"SearchAction","target":{"@type":"EntryPoint","urlTemplate":"https:\/\/www.puentechina.com\/home\/?s={search_term_string}"},"query-input":"required name=search_term_string"}],"inLanguage":"en-US"},{"@type":"WebPage","@id":"https:\/\/www.puentechina.com\/home\/inversion-y-gestion-inmobiliaria\/?lang=en#webpage","url":"https:\/\/www.puentechina.com\/home\/inversion-y-gestion-inmobiliaria\/?lang=en","name":"Investment and property management - Puentechina","isPartOf":{"@id":"https:\/\/www.puentechina.com\/home\/#website"},"datePublished":"2018-06-12T08:59:56+00:00","dateModified":"2024-02-15T09:52:46+00:00","breadcrumb":{"@id":"https:\/\/www.puentechina.com\/home\/inversion-y-gestion-inmobiliaria\/?lang=en#breadcrumb"},"inLanguage":"en-US","potentialAction":[{"@type":"ReadAction","target":["https:\/\/www.puentechina.com\/home\/inversion-y-gestion-inmobiliaria\/?lang=en"]}]},{"@type":"BreadcrumbList","@id":"https:\/\/www.puentechina.com\/home\/inversion-y-gestion-inmobiliaria\/?lang=en#breadcrumb","itemListElement":[{"@type":"ListItem","position":1,"name":"Portada","item":"https:\/\/www.puentechina.com\/home\/home\/?lang=en"},{"@type":"ListItem","position":2,"name":"Investment and property management"}]}]}},"_links":{"self":[{"href":"https:\/\/www.puentechina.com\/home\/wp-json\/wp\/v2\/pages\/2029\/?lang=en"}],"collection":[{"href":"https:\/\/www.puentechina.com\/home\/wp-json\/wp\/v2\/pages\/?lang=en"}],"about":[{"href":"https:\/\/www.puentechina.com\/home\/wp-json\/wp\/v2\/types\/page\/?lang=en"}],"author":[{"embeddable":true,"href":"https:\/\/www.puentechina.com\/home\/wp-json\/wp\/v2\/users\/1\/?lang=en"}],"replies":[{"embeddable":true,"href":"https:\/\/www.puentechina.com\/home\/wp-json\/wp\/v2\/comments\/?lang=en&post=2029"}],"version-history":[{"count":1,"href":"https:\/\/www.puentechina.com\/home\/wp-json\/wp\/v2\/pages\/2029\/revisions\/?lang=en"}],"predecessor-version":[{"id":4664,"href":"https:\/\/www.puentechina.com\/home\/wp-json\/wp\/v2\/pages\/2029\/revisions\/4664\/?lang=en"}],"wp:attachment":[{"href":"https:\/\/www.puentechina.com\/home\/wp-json\/wp\/v2\/media\/?lang=en&parent=2029"}],"curies":[{"name":"wp","href":"https:\/\/api.w.org\/{rel}","templated":true}]}}