{"id":510,"date":"2018-06-12T08:59:29","date_gmt":"2018-06-12T08:59:29","guid":{"rendered":"http:\/\/www.puentechina.com\/?page_id=510"},"modified":"2024-02-14T12:52:28","modified_gmt":"2024-02-14T12:52:28","slug":"consultoria-de-gestion-empresarial","status":"publish","type":"page","link":"https:\/\/www.puentechina.com\/home\/consultoria-de-gestion-empresarial\/","title":{"rendered":"Consultor\u00eda de Gesti\u00f3n Empresarial"},"content":{"rendered":"","protected":false},"excerpt":{"rendered":"<p>En PUENTECHINA ofrecemos servicios de asesoramiento y gesti\u00f3n integrales, desde la externalizaci\u00f3n de determinados servicios hasta la prestaci\u00f3n de servicios de consultor\u00eda, para dar soporte en la toma de decisiones estrat\u00e9gicas.\u00a0\u00a0<\/p>\n<p>Asimismo, desde PUENTECHINA ofrecemos servicios de consultor\u00eda estrat\u00e9gica y de operaciones relacionadas con los objetivos de internacionalizaci\u00f3n de cualquier negocio en territorio chino, espa\u00f1ol y europeo, identificando los socios estrat\u00e9gicos m\u00e1s adecuados para cada proyecto y coordinando las relaciones entre las partes.<\/p>\n","protected":false},"author":2,"featured_media":0,"parent":0,"menu_order":0,"comment_status":"closed","ping_status":"closed","template":"","meta":{"footnotes":""},"yoast_head":"<!-- This site is optimized with the Yoast SEO plugin v17.5 - https:\/\/yoast.com\/wordpress\/plugins\/seo\/ -->\n<title>Consultor\u00eda de Gesti\u00f3n Empresarial - Puentechina<\/title>\n<meta name=\"robots\" content=\"index, follow, max-snippet:-1, max-image-preview:large, max-video-preview:-1\" \/>\n<link rel=\"canonical\" href=\"https:\/\/www.puentechina.com\/home\/consultoria-de-gestion-empresarial\/\" \/>\n<meta property=\"og:locale\" content=\"es_ES\" \/>\n<meta property=\"og:type\" content=\"article\" \/>\n<meta property=\"og:title\" content=\"Consultor\u00eda de Gesti\u00f3n Empresarial - Puentechina\" \/>\n<meta property=\"og:description\" content=\"En PUENTECHINA ofrecemos servicios de asesoramiento y gesti\u00f3n integrales, desde la externalizaci\u00f3n de determinados servicios hasta la prestaci\u00f3n de servicios de consultor\u00eda, para dar soporte en la toma de decisiones estrat\u00e9gicas.\u00a0\u00a0  Asimismo, desde PUENTECHINA ofrecemos servicios de consultor\u00eda estrat\u00e9gica y de operaciones relacionadas con los objetivos de internacionalizaci\u00f3n de cualquier negocio en territorio chino, espa\u00f1ol y europeo, identificando los socios estrat\u00e9gicos m\u00e1s adecuados para cada proyecto y coordinando las relaciones entre las partes.\" \/>\n<meta property=\"og:url\" content=\"https:\/\/www.puentechina.com\/home\/consultoria-de-gestion-empresarial\/\" \/>\n<meta property=\"og:site_name\" content=\"Puentechina\" \/>\n<meta property=\"article:modified_time\" content=\"2024-02-14T12:52:28+00:00\" \/>\n<meta name=\"twitter:card\" content=\"summary_large_image\" \/>\n<script type=\"application\/ld+json\" class=\"yoast-schema-graph\">{\"@context\":\"https:\/\/schema.org\",\"@graph\":[{\"@type\":\"Organization\",\"@id\":\"https:\/\/www.puentechina.com\/home\/#organization\",\"name\":\"PUENTECHINA\",\"url\":\"https:\/\/www.puentechina.com\/home\/\",\"sameAs\":[],\"logo\":{\"@type\":\"ImageObject\",\"@id\":\"https:\/\/www.puentechina.com\/home\/#logo\",\"inLanguage\":\"es\",\"url\":\"https:\/\/www.puentechina.com\/wp-content\/uploads\/2019\/03\/LOGO-TRANSPARENTE.jpg\",\"contentUrl\":\"https:\/\/www.puentechina.com\/wp-content\/uploads\/2019\/03\/LOGO-TRANSPARENTE.jpg\",\"width\":1600,\"height\":274,\"caption\":\"PUENTECHINA\"},\"image\":{\"@id\":\"https:\/\/www.puentechina.com\/home\/#logo\"}},{\"@type\":\"WebSite\",\"@id\":\"https:\/\/www.puentechina.com\/home\/#website\",\"url\":\"https:\/\/www.puentechina.com\/home\/\",\"name\":\"Puentechina\",\"description\":\"\",\"publisher\":{\"@id\":\"https:\/\/www.puentechina.com\/home\/#organization\"},\"potentialAction\":[{\"@type\":\"SearchAction\",\"target\":{\"@type\":\"EntryPoint\",\"urlTemplate\":\"https:\/\/www.puentechina.com\/home\/?s={search_term_string}\"},\"query-input\":\"required name=search_term_string\"}],\"inLanguage\":\"es\"},{\"@type\":\"WebPage\",\"@id\":\"https:\/\/www.puentechina.com\/home\/consultoria-de-gestion-empresarial\/#webpage\",\"url\":\"https:\/\/www.puentechina.com\/home\/consultoria-de-gestion-empresarial\/\",\"name\":\"Consultor\\u00eda de Gesti\\u00f3n Empresarial - Puentechina\",\"isPartOf\":{\"@id\":\"https:\/\/www.puentechina.com\/home\/#website\"},\"datePublished\":\"2018-06-12T08:59:29+00:00\",\"dateModified\":\"2024-02-14T12:52:28+00:00\",\"breadcrumb\":{\"@id\":\"https:\/\/www.puentechina.com\/home\/consultoria-de-gestion-empresarial\/#breadcrumb\"},\"inLanguage\":\"es\",\"potentialAction\":[{\"@type\":\"ReadAction\",\"target\":[\"https:\/\/www.puentechina.com\/home\/consultoria-de-gestion-empresarial\/\"]}]},{\"@type\":\"BreadcrumbList\",\"@id\":\"https:\/\/www.puentechina.com\/home\/consultoria-de-gestion-empresarial\/#breadcrumb\",\"itemListElement\":[{\"@type\":\"ListItem\",\"position\":1,\"name\":\"Portada\",\"item\":\"https:\/\/www.puentechina.com\/home\/\"},{\"@type\":\"ListItem\",\"position\":2,\"name\":\"Consultor\\u00eda de Gesti\\u00f3n Empresarial\"}]}]}<\/script>\n<!-- \/ Yoast SEO plugin. -->","yoast_head_json":{"title":"Consultor\u00eda de Gesti\u00f3n Empresarial - Puentechina","robots":{"index":"index","follow":"follow","max-snippet":"max-snippet:-1","max-image-preview":"max-image-preview:large","max-video-preview":"max-video-preview:-1"},"canonical":"https:\/\/www.puentechina.com\/home\/consultoria-de-gestion-empresarial\/","og_locale":"es_ES","og_type":"article","og_title":"Consultor\u00eda de Gesti\u00f3n Empresarial - Puentechina","og_description":"En PUENTECHINA ofrecemos servicios de asesoramiento y gesti\u00f3n integrales, desde la externalizaci\u00f3n de determinados servicios hasta la prestaci\u00f3n de servicios de consultor\u00eda, para dar soporte en la toma de decisiones estrat\u00e9gicas.\u00a0\u00a0  Asimismo, desde PUENTECHINA ofrecemos servicios de consultor\u00eda estrat\u00e9gica y de operaciones relacionadas con los objetivos de internacionalizaci\u00f3n de cualquier negocio en territorio chino, espa\u00f1ol y europeo, identificando los socios estrat\u00e9gicos m\u00e1s adecuados para cada proyecto y coordinando las relaciones entre las partes.","og_url":"https:\/\/www.puentechina.com\/home\/consultoria-de-gestion-empresarial\/","og_site_name":"Puentechina","article_modified_time":"2024-02-14T12:52:28+00:00","twitter_card":"summary_large_image","schema":{"@context":"https:\/\/schema.org","@graph":[{"@type":"Organization","@id":"https:\/\/www.puentechina.com\/home\/#organization","name":"PUENTECHINA","url":"https:\/\/www.puentechina.com\/home\/","sameAs":[],"logo":{"@type":"ImageObject","@id":"https:\/\/www.puentechina.com\/home\/#logo","inLanguage":"es","url":"https:\/\/www.puentechina.com\/wp-content\/uploads\/2019\/03\/LOGO-TRANSPARENTE.jpg","contentUrl":"https:\/\/www.puentechina.com\/wp-content\/uploads\/2019\/03\/LOGO-TRANSPARENTE.jpg","width":1600,"height":274,"caption":"PUENTECHINA"},"image":{"@id":"https:\/\/www.puentechina.com\/home\/#logo"}},{"@type":"WebSite","@id":"https:\/\/www.puentechina.com\/home\/#website","url":"https:\/\/www.puentechina.com\/home\/","name":"Puentechina","description":"","publisher":{"@id":"https:\/\/www.puentechina.com\/home\/#organization"},"potentialAction":[{"@type":"SearchAction","target":{"@type":"EntryPoint","urlTemplate":"https:\/\/www.puentechina.com\/home\/?s={search_term_string}"},"query-input":"required name=search_term_string"}],"inLanguage":"es"},{"@type":"WebPage","@id":"https:\/\/www.puentechina.com\/home\/consultoria-de-gestion-empresarial\/#webpage","url":"https:\/\/www.puentechina.com\/home\/consultoria-de-gestion-empresarial\/","name":"Consultor\u00eda de Gesti\u00f3n Empresarial - Puentechina","isPartOf":{"@id":"https:\/\/www.puentechina.com\/home\/#website"},"datePublished":"2018-06-12T08:59:29+00:00","dateModified":"2024-02-14T12:52:28+00:00","breadcrumb":{"@id":"https:\/\/www.puentechina.com\/home\/consultoria-de-gestion-empresarial\/#breadcrumb"},"inLanguage":"es","potentialAction":[{"@type":"ReadAction","target":["https:\/\/www.puentechina.com\/home\/consultoria-de-gestion-empresarial\/"]}]},{"@type":"BreadcrumbList","@id":"https:\/\/www.puentechina.com\/home\/consultoria-de-gestion-empresarial\/#breadcrumb","itemListElement":[{"@type":"ListItem","position":1,"name":"Portada","item":"https:\/\/www.puentechina.com\/home\/"},{"@type":"ListItem","position":2,"name":"Consultor\u00eda de Gesti\u00f3n Empresarial"}]}]}},"_links":{"self":[{"href":"https:\/\/www.puentechina.com\/home\/wp-json\/wp\/v2\/pages\/510"}],"collection":[{"href":"https:\/\/www.puentechina.com\/home\/wp-json\/wp\/v2\/pages"}],"about":[{"href":"https:\/\/www.puentechina.com\/home\/wp-json\/wp\/v2\/types\/page"}],"author":[{"embeddable":true,"href":"https:\/\/www.puentechina.com\/home\/wp-json\/wp\/v2\/users\/2"}],"replies":[{"embeddable":true,"href":"https:\/\/www.puentechina.com\/home\/wp-json\/wp\/v2\/comments?post=510"}],"version-history":[{"count":3,"href":"https:\/\/www.puentechina.com\/home\/wp-json\/wp\/v2\/pages\/510\/revisions"}],"predecessor-version":[{"id":4610,"href":"https:\/\/www.puentechina.com\/home\/wp-json\/wp\/v2\/pages\/510\/revisions\/4610"}],"wp:attachment":[{"href":"https:\/\/www.puentechina.com\/home\/wp-json\/wp\/v2\/media?parent=510"}],"curies":[{"name":"wp","href":"https:\/\/api.w.org\/{rel}","templated":true}]}}