{"id":514,"date":"2018-06-12T09:00:15","date_gmt":"2018-06-12T09:00:15","guid":{"rendered":"http:\/\/www.puentechina.com\/?page_id=514"},"modified":"2024-02-14T12:52:32","modified_gmt":"2024-02-14T12:52:32","slug":"relaciones-institucionales","status":"publish","type":"page","link":"https:\/\/www.puentechina.com\/home\/relaciones-institucionales\/","title":{"rendered":"Relaciones Institucionales"},"content":{"rendered":"<p>[vc_row][vc_column offset=\u00bbvc_hidden-xs\u00bb][vc_basic_grid post_type=\u00bbpost\u00bb max_items=\u00bb10&#8243; style=\u00bbpagination\u00bb items_per_page=\u00bb3&#8243; arrows_design=\u00bbvc_arrow-icon-arrow_01_left\u00bb arrows_position=\u00bboutside\u00bb arrows_color=\u00bbblack\u00bb paging_design=\u00bbpagination_default\u00bb paging_color=\u00bbblack\u00bb item=\u00bb1475&#8243; grid_id=\u00bbvc_gid:1537199194044-da383f62-91fc-5&#8243; taxonomies=\u00bb10&#8243;][\/vc_column][\/vc_row][vc_row][vc_column offset=\u00bbvc_hidden-lg vc_hidden-md vc_hidden-sm\u00bb][vc_basic_grid post_type=\u00bbpost\u00bb max_items=\u00bb10&#8243; style=\u00bbpagination\u00bb items_per_page=\u00bb1&#8243; arrows_design=\u00bbvc_arrow-icon-arrow_01_left\u00bb arrows_position=\u00bboutside\u00bb arrows_color=\u00bbblack\u00bb paging_color=\u00bbblack\u00bb item=\u00bb1475&#8243; grid_id=\u00bbvc_gid:1537199194046-226baeea-08e6-9&#8243; taxonomies=\u00bb10&#8243;][\/vc_column][\/vc_row]<\/p>\n","protected":false},"excerpt":{"rendered":"<p>Una relaci\u00f3n forjada durante 20 a\u00f1os, fruto de las reuniones, contactos y compromisos desarrollados con las diversas administraciones gubernamentales y municipales en China y Espa\u00f1a. Desde PUENTECHINA se ha facilitado el intercambio y cooperaci\u00f3n cultural, econ\u00f3mica y social para el desarrollo de las relaciones y cooperaci\u00f3n entre ambos pa\u00edses.<\/p>\n<p>PUENTECHINA ha contribuido y ha resultado clave, para que Barcelona y diversas ciudades chinas acordaran diversos acuerdos de colaboraci\u00f3n, para el desarrollo de pol\u00edticas conjuntas en el \u00e1mbito econ\u00f3mico, socio-cultural y tur\u00edstico. Como colaborador oficial del ICEX y Delegado en China del Consorcio de la Zona Franca de Barcelona, PUENTECHINA siempre se ha comprometido con el intercambio y la cooperaci\u00f3n entre China y Espa\u00f1a en diversos \u00e1mbitos de sus respectivas administraciones.<\/p>\n","protected":false},"author":2,"featured_media":0,"parent":0,"menu_order":0,"comment_status":"closed","ping_status":"closed","template":"","meta":{"footnotes":""},"yoast_head":"<!-- This site is optimized with the Yoast SEO plugin v17.5 - https:\/\/yoast.com\/wordpress\/plugins\/seo\/ -->\n<title>Relaciones Institucionales - Puentechina<\/title>\n<meta name=\"robots\" content=\"index, follow, max-snippet:-1, max-image-preview:large, max-video-preview:-1\" \/>\n<link rel=\"canonical\" href=\"https:\/\/www.puentechina.com\/home\/relaciones-institucionales\/\" \/>\n<meta property=\"og:locale\" content=\"es_ES\" \/>\n<meta property=\"og:type\" content=\"article\" \/>\n<meta property=\"og:title\" content=\"Relaciones Institucionales - Puentechina\" \/>\n<meta property=\"og:description\" content=\"Una relaci\u00f3n forjada durante 20 a\u00f1os, fruto de las reuniones, contactos y compromisos desarrollados con las diversas administraciones gubernamentales y municipales en China y Espa\u00f1a. Desde PUENTECHINA se ha facilitado el intercambio y cooperaci\u00f3n cultural, econ\u00f3mica y social para el desarrollo de las relaciones y cooperaci\u00f3n entre ambos pa\u00edses.  PUENTECHINA ha contribuido y ha resultado clave, para que Barcelona y diversas ciudades chinas acordaran diversos acuerdos de colaboraci\u00f3n, para el desarrollo de pol\u00edticas conjuntas en el \u00e1mbito econ\u00f3mico, socio-cultural y tur\u00edstico. Como colaborador oficial del ICEX y Delegado en China del Consorcio de la Zona Franca de Barcelona, PUENTECHINA siempre se ha comprometido con el intercambio y la cooperaci\u00f3n entre China y Espa\u00f1a en diversos \u00e1mbitos de sus respectivas administraciones.\" \/>\n<meta property=\"og:url\" content=\"https:\/\/www.puentechina.com\/home\/relaciones-institucionales\/\" \/>\n<meta property=\"og:site_name\" content=\"Puentechina\" \/>\n<meta property=\"article:modified_time\" content=\"2024-02-14T12:52:32+00:00\" \/>\n<meta name=\"twitter:card\" content=\"summary_large_image\" \/>\n<meta name=\"twitter:label1\" content=\"Tiempo de lectura\" \/>\n\t<meta name=\"twitter:data1\" content=\"1 minuto\" \/>\n<script type=\"application\/ld+json\" class=\"yoast-schema-graph\">{\"@context\":\"https:\/\/schema.org\",\"@graph\":[{\"@type\":\"Organization\",\"@id\":\"https:\/\/www.puentechina.com\/home\/#organization\",\"name\":\"PUENTECHINA\",\"url\":\"https:\/\/www.puentechina.com\/home\/\",\"sameAs\":[],\"logo\":{\"@type\":\"ImageObject\",\"@id\":\"https:\/\/www.puentechina.com\/home\/#logo\",\"inLanguage\":\"es\",\"url\":\"https:\/\/www.puentechina.com\/wp-content\/uploads\/2019\/03\/LOGO-TRANSPARENTE.jpg\",\"contentUrl\":\"https:\/\/www.puentechina.com\/wp-content\/uploads\/2019\/03\/LOGO-TRANSPARENTE.jpg\",\"width\":1600,\"height\":274,\"caption\":\"PUENTECHINA\"},\"image\":{\"@id\":\"https:\/\/www.puentechina.com\/home\/#logo\"}},{\"@type\":\"WebSite\",\"@id\":\"https:\/\/www.puentechina.com\/home\/#website\",\"url\":\"https:\/\/www.puentechina.com\/home\/\",\"name\":\"Puentechina\",\"description\":\"\",\"publisher\":{\"@id\":\"https:\/\/www.puentechina.com\/home\/#organization\"},\"potentialAction\":[{\"@type\":\"SearchAction\",\"target\":{\"@type\":\"EntryPoint\",\"urlTemplate\":\"https:\/\/www.puentechina.com\/home\/?s={search_term_string}\"},\"query-input\":\"required name=search_term_string\"}],\"inLanguage\":\"es\"},{\"@type\":\"WebPage\",\"@id\":\"https:\/\/www.puentechina.com\/home\/relaciones-institucionales\/#webpage\",\"url\":\"https:\/\/www.puentechina.com\/home\/relaciones-institucionales\/\",\"name\":\"Relaciones Institucionales - Puentechina\",\"isPartOf\":{\"@id\":\"https:\/\/www.puentechina.com\/home\/#website\"},\"datePublished\":\"2018-06-12T09:00:15+00:00\",\"dateModified\":\"2024-02-14T12:52:32+00:00\",\"breadcrumb\":{\"@id\":\"https:\/\/www.puentechina.com\/home\/relaciones-institucionales\/#breadcrumb\"},\"inLanguage\":\"es\",\"potentialAction\":[{\"@type\":\"ReadAction\",\"target\":[\"https:\/\/www.puentechina.com\/home\/relaciones-institucionales\/\"]}]},{\"@type\":\"BreadcrumbList\",\"@id\":\"https:\/\/www.puentechina.com\/home\/relaciones-institucionales\/#breadcrumb\",\"itemListElement\":[{\"@type\":\"ListItem\",\"position\":1,\"name\":\"Portada\",\"item\":\"https:\/\/www.puentechina.com\/home\/\"},{\"@type\":\"ListItem\",\"position\":2,\"name\":\"Relaciones Institucionales\"}]}]}<\/script>\n<!-- \/ Yoast SEO plugin. -->","yoast_head_json":{"title":"Relaciones Institucionales - Puentechina","robots":{"index":"index","follow":"follow","max-snippet":"max-snippet:-1","max-image-preview":"max-image-preview:large","max-video-preview":"max-video-preview:-1"},"canonical":"https:\/\/www.puentechina.com\/home\/relaciones-institucionales\/","og_locale":"es_ES","og_type":"article","og_title":"Relaciones Institucionales - Puentechina","og_description":"Una relaci\u00f3n forjada durante 20 a\u00f1os, fruto de las reuniones, contactos y compromisos desarrollados con las diversas administraciones gubernamentales y municipales en China y Espa\u00f1a. Desde PUENTECHINA se ha facilitado el intercambio y cooperaci\u00f3n cultural, econ\u00f3mica y social para el desarrollo de las relaciones y cooperaci\u00f3n entre ambos pa\u00edses.  PUENTECHINA ha contribuido y ha resultado clave, para que Barcelona y diversas ciudades chinas acordaran diversos acuerdos de colaboraci\u00f3n, para el desarrollo de pol\u00edticas conjuntas en el \u00e1mbito econ\u00f3mico, socio-cultural y tur\u00edstico. Como colaborador oficial del ICEX y Delegado en China del Consorcio de la Zona Franca de Barcelona, PUENTECHINA siempre se ha comprometido con el intercambio y la cooperaci\u00f3n entre China y Espa\u00f1a en diversos \u00e1mbitos de sus respectivas administraciones.","og_url":"https:\/\/www.puentechina.com\/home\/relaciones-institucionales\/","og_site_name":"Puentechina","article_modified_time":"2024-02-14T12:52:32+00:00","twitter_card":"summary_large_image","twitter_misc":{"Tiempo de lectura":"1 minuto"},"schema":{"@context":"https:\/\/schema.org","@graph":[{"@type":"Organization","@id":"https:\/\/www.puentechina.com\/home\/#organization","name":"PUENTECHINA","url":"https:\/\/www.puentechina.com\/home\/","sameAs":[],"logo":{"@type":"ImageObject","@id":"https:\/\/www.puentechina.com\/home\/#logo","inLanguage":"es","url":"https:\/\/www.puentechina.com\/wp-content\/uploads\/2019\/03\/LOGO-TRANSPARENTE.jpg","contentUrl":"https:\/\/www.puentechina.com\/wp-content\/uploads\/2019\/03\/LOGO-TRANSPARENTE.jpg","width":1600,"height":274,"caption":"PUENTECHINA"},"image":{"@id":"https:\/\/www.puentechina.com\/home\/#logo"}},{"@type":"WebSite","@id":"https:\/\/www.puentechina.com\/home\/#website","url":"https:\/\/www.puentechina.com\/home\/","name":"Puentechina","description":"","publisher":{"@id":"https:\/\/www.puentechina.com\/home\/#organization"},"potentialAction":[{"@type":"SearchAction","target":{"@type":"EntryPoint","urlTemplate":"https:\/\/www.puentechina.com\/home\/?s={search_term_string}"},"query-input":"required name=search_term_string"}],"inLanguage":"es"},{"@type":"WebPage","@id":"https:\/\/www.puentechina.com\/home\/relaciones-institucionales\/#webpage","url":"https:\/\/www.puentechina.com\/home\/relaciones-institucionales\/","name":"Relaciones Institucionales - Puentechina","isPartOf":{"@id":"https:\/\/www.puentechina.com\/home\/#website"},"datePublished":"2018-06-12T09:00:15+00:00","dateModified":"2024-02-14T12:52:32+00:00","breadcrumb":{"@id":"https:\/\/www.puentechina.com\/home\/relaciones-institucionales\/#breadcrumb"},"inLanguage":"es","potentialAction":[{"@type":"ReadAction","target":["https:\/\/www.puentechina.com\/home\/relaciones-institucionales\/"]}]},{"@type":"BreadcrumbList","@id":"https:\/\/www.puentechina.com\/home\/relaciones-institucionales\/#breadcrumb","itemListElement":[{"@type":"ListItem","position":1,"name":"Portada","item":"https:\/\/www.puentechina.com\/home\/"},{"@type":"ListItem","position":2,"name":"Relaciones Institucionales"}]}]}},"_links":{"self":[{"href":"https:\/\/www.puentechina.com\/home\/wp-json\/wp\/v2\/pages\/514"}],"collection":[{"href":"https:\/\/www.puentechina.com\/home\/wp-json\/wp\/v2\/pages"}],"about":[{"href":"https:\/\/www.puentechina.com\/home\/wp-json\/wp\/v2\/types\/page"}],"author":[{"embeddable":true,"href":"https:\/\/www.puentechina.com\/home\/wp-json\/wp\/v2\/users\/2"}],"replies":[{"embeddable":true,"href":"https:\/\/www.puentechina.com\/home\/wp-json\/wp\/v2\/comments?post=514"}],"version-history":[{"count":3,"href":"https:\/\/www.puentechina.com\/home\/wp-json\/wp\/v2\/pages\/514\/revisions"}],"predecessor-version":[{"id":4611,"href":"https:\/\/www.puentechina.com\/home\/wp-json\/wp\/v2\/pages\/514\/revisions\/4611"}],"wp:attachment":[{"href":"https:\/\/www.puentechina.com\/home\/wp-json\/wp\/v2\/media?parent=514"}],"curies":[{"name":"wp","href":"https:\/\/api.w.org\/{rel}","templated":true}]}}